{"id":1629,"date":"2020-10-26T12:44:49","date_gmt":"2020-10-26T12:44:49","guid":{"rendered":"https:\/\/mhw-autoparts.com\/mhw\/wordpress\/?page_id=1629"},"modified":"2026-03-05T06:06:50","modified_gmt":"2026-03-05T06:06:50","slug":"bombadegasolina","status":"publish","type":"page","link":"https:\/\/mhw-autoparts.com\/mhw\/bombadegasolina\/","title":{"rendered":"BOMBA DE GASOLINA"},"content":{"rendered":"\t\t<div data-elementor-type=\"wp-page\" data-elementor-id=\"1629\" class=\"elementor elementor-1629\" data-elementor-post-type=\"page\">\n\t\t\t\t<div class=\"elementor-element elementor-element-bd98a8c e-flex e-con-boxed e-con e-parent\" data-id=\"bd98a8c\" data-element_type=\"container\">\n\t\t\t\t\t<div class=\"e-con-inner\">\n\t\t<div class=\"elementor-element elementor-element-fca3f4b e-con-full e-flex e-con e-child\" data-id=\"fca3f4b\" data-element_type=\"container\">\n\t\t<div class=\"elementor-element elementor-element-511bdfc e-con-full e-flex e-con e-child\" data-id=\"511bdfc\" data-element_type=\"container\">\n\t\t\t\t<div class=\"elementor-element elementor-element-6dd0455 elementor-widget__width-initial elementor-widget elementor-widget-heading\" data-id=\"6dd0455\" data-element_type=\"widget\" data-widget_type=\"heading.default\">\n\t\t\t\t<div class=\"elementor-widget-container\">\n\t\t\t\t\t<h2 class=\"elementor-heading-title elementor-size-default\">L\u00cdNEA DE GASOLINA<\/h2>\t\t\t\t<\/div>\n\t\t\t\t<\/div>\n\t\t\t\t<div class=\"elementor-element elementor-element-8edcb36 elementor-widget elementor-widget-text-editor\" data-id=\"8edcb36\" data-element_type=\"widget\" data-widget_type=\"text-editor.default\">\n\t\t\t\t<div class=\"elementor-widget-container\">\n\t\t\t\t\t\t\t\t\t<p>TECNOLOG\u00cdA DE VANGUARDIA<\/p>\t\t\t\t\t\t\t\t<\/div>\n\t\t\t\t<\/div>\n\t\t\t\t<div class=\"elementor-element elementor-element-05efbfc elementor-widget elementor-widget-button\" data-id=\"05efbfc\" data-element_type=\"widget\" data-widget_type=\"button.default\">\n\t\t\t\t<div class=\"elementor-widget-container\">\n\t\t\t\t\t\t\t\t\t<div class=\"elementor-button-wrapper\">\n\t\t\t\t\t<a class=\"elementor-button elementor-button-link elementor-size-xl\" href=\"\" target=\"_blank\" https=\"\">\n\t\t\t\t\t\t<span class=\"elementor-button-content-wrapper\">\n\t\t\t\t\t\t\t\t\t<span class=\"elementor-button-text\">SOLICITAR PRECIOS<\/span>\n\t\t\t\t\t<\/span>\n\t\t\t\t\t<\/a>\n\t\t\t\t<\/div>\n\t\t\t\t\t\t\t\t<\/div>\n\t\t\t\t<\/div>\n\t\t\t\t<\/div>\n\t\t\t\t<\/div>\n\t\t<div class=\"elementor-element elementor-element-577ec22 e-con-full e-flex e-con e-child\" data-id=\"577ec22\" data-element_type=\"container\">\n\t\t\t\t<div class=\"elementor-element elementor-element-9c5470e elementor-widget__width-initial elementor-widget elementor-widget-image\" data-id=\"9c5470e\" data-element_type=\"widget\" data-widget_type=\"image.default\">\n\t\t\t\t<div class=\"elementor-widget-container\">\n\t\t\t\t\t\t\t\t\t\t\t\t\t\t\t<img fetchpriority=\"high\" decoding=\"async\" width=\"1024\" height=\"593\" src=\"https:\/\/i0.wp.com\/mhw-autoparts.com\/mhw\/wp-content\/uploads\/2025\/02\/ASDSF-scaled.jpg?fit=1024%2C593&amp;ssl=1\" class=\"attachment-large size-large wp-image-7518\" alt=\"\" srcset=\"https:\/\/i0.wp.com\/mhw-autoparts.com\/mhw\/wp-content\/uploads\/2025\/02\/ASDSF-scaled.jpg?w=2560&amp;ssl=1 2560w, https:\/\/i0.wp.com\/mhw-autoparts.com\/mhw\/wp-content\/uploads\/2025\/02\/ASDSF-scaled.jpg?resize=300%2C174&amp;ssl=1 300w, https:\/\/i0.wp.com\/mhw-autoparts.com\/mhw\/wp-content\/uploads\/2025\/02\/ASDSF-scaled.jpg?resize=1024%2C593&amp;ssl=1 1024w, https:\/\/i0.wp.com\/mhw-autoparts.com\/mhw\/wp-content\/uploads\/2025\/02\/ASDSF-scaled.jpg?resize=768%2C445&amp;ssl=1 768w, https:\/\/i0.wp.com\/mhw-autoparts.com\/mhw\/wp-content\/uploads\/2025\/02\/ASDSF-scaled.jpg?resize=1536%2C889&amp;ssl=1 1536w, https:\/\/i0.wp.com\/mhw-autoparts.com\/mhw\/wp-content\/uploads\/2025\/02\/ASDSF-scaled.jpg?resize=2048%2C1186&amp;ssl=1 2048w, https:\/\/i0.wp.com\/mhw-autoparts.com\/mhw\/wp-content\/uploads\/2025\/02\/ASDSF-scaled.jpg?resize=1200%2C695&amp;ssl=1 1200w, https:\/\/i0.wp.com\/mhw-autoparts.com\/mhw\/wp-content\/uploads\/2025\/02\/ASDSF-scaled.jpg?resize=1980%2C1146&amp;ssl=1 1980w, https:\/\/i0.wp.com\/mhw-autoparts.com\/mhw\/wp-content\/uploads\/2025\/02\/ASDSF-scaled.jpg?resize=600%2C347&amp;ssl=1 600w, https:\/\/i0.wp.com\/mhw-autoparts.com\/mhw\/wp-content\/uploads\/2025\/02\/ASDSF-scaled.jpg?w=2280&amp;ssl=1 2280w\" sizes=\"(max-width: 1024px) 100vw, 1024px\" \/>\t\t\t\t\t\t\t\t\t\t\t\t\t\t\t<\/div>\n\t\t\t\t<\/div>\n\t\t\t\t<\/div>\n\t\t\t\t\t<\/div>\n\t\t\t\t<\/div>\n\t\t<div class=\"elementor-element elementor-element-bcd9f4d e-con-full e-flex e-con e-parent\" data-id=\"bcd9f4d\" data-element_type=\"container\">\n\t\t\t\t<div class=\"elementor-element elementor-element-21a59d9 elementor-widget-divider--view-line_icon elementor-view-default elementor-widget-divider--element-align-center elementor-widget elementor-widget-divider\" data-id=\"21a59d9\" data-element_type=\"widget\" data-widget_type=\"divider.default\">\n\t\t\t\t<div class=\"elementor-widget-container\">\n\t\t\t\t\t\t\t<div class=\"elementor-divider\">\n\t\t\t<span class=\"elementor-divider-separator\">\n\t\t\t\t\t\t\t<div class=\"elementor-icon elementor-divider__element\">\n\t\t\t\t\t<i aria-hidden=\"true\" class=\"fas fa-star\"><\/i><\/div>\n\t\t\t\t\t\t<\/span>\n\t\t<\/div>\n\t\t\t\t\t\t<\/div>\n\t\t\t\t<\/div>\n\t\t\t\t<\/div>\n\t\t\t\t<section class=\"elementor-section elementor-top-section elementor-element elementor-element-502a1bb elementor-hidden-tablet elementor-hidden-phone elementor-section-boxed elementor-section-height-default elementor-section-height-default\" data-id=\"502a1bb\" data-element_type=\"section\" data-settings=\"{&quot;background_background&quot;:&quot;classic&quot;}\">\n\t\t\t\t\t\t<div class=\"elementor-container elementor-column-gap-default\">\n\t\t\t\t\t<div class=\"elementor-column elementor-col-100 elementor-top-column elementor-element elementor-element-a77fd9f\" data-id=\"a77fd9f\" data-element_type=\"column\">\n\t\t\t<div class=\"elementor-widget-wrap elementor-element-populated\">\n\t\t\t\t\t\t<section class=\"elementor-section elementor-inner-section elementor-element elementor-element-e633f62 elementor-section-boxed elementor-section-height-default elementor-section-height-default\" data-id=\"e633f62\" data-element_type=\"section\">\n\t\t\t\t\t\t<div class=\"elementor-container elementor-column-gap-default\">\n\t\t\t\t\t<div class=\"elementor-column elementor-col-50 elementor-inner-column elementor-element elementor-element-194c36b\" data-id=\"194c36b\" data-element_type=\"column\">\n\t\t\t<div class=\"elementor-widget-wrap elementor-element-populated\">\n\t\t\t\t\t\t<div class=\"elementor-element elementor-element-6548853 elementor-widget elementor-widget-image\" data-id=\"6548853\" data-element_type=\"widget\" data-widget_type=\"image.default\">\n\t\t\t\t<div class=\"elementor-widget-container\">\n\t\t\t\t\t\t\t\t\t\t\t\t\t\t\t<img decoding=\"async\" width=\"1024\" height=\"695\" src=\"https:\/\/i0.wp.com\/mhw-autoparts.com\/mhw\/wp-content\/uploads\/2025\/02\/CCCC-scaled.jpg?fit=1024%2C695&amp;ssl=1\" class=\"attachment-large size-large wp-image-7519\" alt=\"\" srcset=\"https:\/\/i0.wp.com\/mhw-autoparts.com\/mhw\/wp-content\/uploads\/2025\/02\/CCCC-scaled.jpg?w=2560&amp;ssl=1 2560w, https:\/\/i0.wp.com\/mhw-autoparts.com\/mhw\/wp-content\/uploads\/2025\/02\/CCCC-scaled.jpg?resize=300%2C204&amp;ssl=1 300w, https:\/\/i0.wp.com\/mhw-autoparts.com\/mhw\/wp-content\/uploads\/2025\/02\/CCCC-scaled.jpg?resize=1024%2C695&amp;ssl=1 1024w, https:\/\/i0.wp.com\/mhw-autoparts.com\/mhw\/wp-content\/uploads\/2025\/02\/CCCC-scaled.jpg?resize=768%2C521&amp;ssl=1 768w, https:\/\/i0.wp.com\/mhw-autoparts.com\/mhw\/wp-content\/uploads\/2025\/02\/CCCC-scaled.jpg?resize=1536%2C1043&amp;ssl=1 1536w, https:\/\/i0.wp.com\/mhw-autoparts.com\/mhw\/wp-content\/uploads\/2025\/02\/CCCC-scaled.jpg?resize=2048%2C1391&amp;ssl=1 2048w, https:\/\/i0.wp.com\/mhw-autoparts.com\/mhw\/wp-content\/uploads\/2025\/02\/CCCC-scaled.jpg?resize=1200%2C815&amp;ssl=1 1200w, https:\/\/i0.wp.com\/mhw-autoparts.com\/mhw\/wp-content\/uploads\/2025\/02\/CCCC-scaled.jpg?resize=1980%2C1344&amp;ssl=1 1980w, https:\/\/i0.wp.com\/mhw-autoparts.com\/mhw\/wp-content\/uploads\/2025\/02\/CCCC-scaled.jpg?resize=600%2C407&amp;ssl=1 600w, https:\/\/i0.wp.com\/mhw-autoparts.com\/mhw\/wp-content\/uploads\/2025\/02\/CCCC-scaled.jpg?w=2280&amp;ssl=1 2280w\" sizes=\"(max-width: 1024px) 100vw, 1024px\" \/>\t\t\t\t\t\t\t\t\t\t\t\t\t\t\t<\/div>\n\t\t\t\t<\/div>\n\t\t\t\t\t<\/div>\n\t\t<\/div>\n\t\t\t\t<div class=\"elementor-column elementor-col-50 elementor-inner-column elementor-element elementor-element-faa5790\" data-id=\"faa5790\" data-element_type=\"column\">\n\t\t\t<div class=\"elementor-widget-wrap elementor-element-populated\">\n\t\t\t\t<div class=\"elementor-element elementor-element-2a52d2f e-con-full e-flex e-con e-parent\" data-id=\"2a52d2f\" data-element_type=\"container\">\n\t\t\t\t<div class=\"elementor-element elementor-element-c2e8ef9 elementor-widget elementor-widget-heading\" data-id=\"c2e8ef9\" data-element_type=\"widget\" data-widget_type=\"heading.default\">\n\t\t\t\t<div class=\"elementor-widget-container\">\n\t\t\t\t\t<h2 class=\"elementor-heading-title elementor-size-default\">M\u00d3DULO COMPLETO<\/h2>\t\t\t\t<\/div>\n\t\t\t\t<\/div>\n\t\t\t\t<\/div>\n\t\t\t\t<div class=\"elementor-element elementor-element-611ef80 elementor-widget elementor-widget-text-editor\" data-id=\"611ef80\" data-element_type=\"widget\" data-widget_type=\"text-editor.default\">\n\t\t\t\t<div class=\"elementor-widget-container\">\n\t\t\t\t\t\t\t\t\t<p>Los m\u00f3dulos completos <strong>MHW<\/strong> son repuestos fabricados en china con materiales comunes, ofrecen un funcionamiento b\u00e1sico y ayudan a que el motor reciba el combustible de manera m\u00e1s o menos estable, logrando un rendimiento aceptable para el uso diario<\/p>\t\t\t\t\t\t\t\t<\/div>\n\t\t\t\t<\/div>\n\t\t\t\t\t<\/div>\n\t\t<\/div>\n\t\t\t\t\t<\/div>\n\t\t<\/section>\n\t\t\t\t<section class=\"elementor-section elementor-inner-section elementor-element elementor-element-e573aa8 elementor-section-boxed elementor-section-height-default elementor-section-height-default\" data-id=\"e573aa8\" data-element_type=\"section\">\n\t\t\t\t\t\t<div class=\"elementor-container elementor-column-gap-default\">\n\t\t\t\t\t<div class=\"elementor-column elementor-col-50 elementor-inner-column elementor-element elementor-element-6f9e93b\" data-id=\"6f9e93b\" data-element_type=\"column\">\n\t\t\t<div class=\"elementor-widget-wrap elementor-element-populated\">\n\t\t\t\t\t\t<div class=\"elementor-element elementor-element-da5e4aa elementor-widget elementor-widget-image\" data-id=\"da5e4aa\" data-element_type=\"widget\" data-widget_type=\"image.default\">\n\t\t\t\t<div class=\"elementor-widget-container\">\n\t\t\t\t\t\t\t\t\t\t\t\t\t\t\t<img decoding=\"async\" width=\"1024\" height=\"837\" src=\"https:\/\/i0.wp.com\/mhw-autoparts.com\/mhw\/wp-content\/uploads\/2025\/02\/1DREGE.png?fit=1024%2C837&amp;ssl=1\" class=\"attachment-large size-large wp-image-7520\" alt=\"\" srcset=\"https:\/\/i0.wp.com\/mhw-autoparts.com\/mhw\/wp-content\/uploads\/2025\/02\/1DREGE.png?w=1216&amp;ssl=1 1216w, https:\/\/i0.wp.com\/mhw-autoparts.com\/mhw\/wp-content\/uploads\/2025\/02\/1DREGE.png?resize=300%2C245&amp;ssl=1 300w, https:\/\/i0.wp.com\/mhw-autoparts.com\/mhw\/wp-content\/uploads\/2025\/02\/1DREGE.png?resize=1024%2C837&amp;ssl=1 1024w, https:\/\/i0.wp.com\/mhw-autoparts.com\/mhw\/wp-content\/uploads\/2025\/02\/1DREGE.png?resize=768%2C628&amp;ssl=1 768w, https:\/\/i0.wp.com\/mhw-autoparts.com\/mhw\/wp-content\/uploads\/2025\/02\/1DREGE.png?resize=1200%2C981&amp;ssl=1 1200w, https:\/\/i0.wp.com\/mhw-autoparts.com\/mhw\/wp-content\/uploads\/2025\/02\/1DREGE.png?resize=600%2C490&amp;ssl=1 600w\" sizes=\"(max-width: 1024px) 100vw, 1024px\" \/>\t\t\t\t\t\t\t\t\t\t\t\t\t\t\t<\/div>\n\t\t\t\t<\/div>\n\t\t\t\t\t<\/div>\n\t\t<\/div>\n\t\t\t\t<div class=\"elementor-column elementor-col-50 elementor-inner-column elementor-element elementor-element-73c5adf\" data-id=\"73c5adf\" data-element_type=\"column\">\n\t\t\t<div class=\"elementor-widget-wrap elementor-element-populated\">\n\t\t\t\t\t\t<div class=\"elementor-element elementor-element-21ec78c elementor-widget elementor-widget-heading\" data-id=\"21ec78c\" data-element_type=\"widget\" data-widget_type=\"heading.default\">\n\t\t\t\t<div class=\"elementor-widget-container\">\n\t\t\t\t\t<h2 class=\"elementor-heading-title elementor-size-default\">PILA DE GASOLINA<\/h2>\t\t\t\t<\/div>\n\t\t\t\t<\/div>\n\t\t\t\t<div class=\"elementor-element elementor-element-8845f23 elementor-widget elementor-widget-text-editor\" data-id=\"8845f23\" data-element_type=\"widget\" data-widget_type=\"text-editor.default\">\n\t\t\t\t<div class=\"elementor-widget-container\">\n\t\t\t\t\t\t\t\t\t<p>Este repuesto incluye la pila de carbono <strong>MHW<\/strong>, un material com\u00fan que dura m\u00e1s que el cobre normal. Ayuda a que el combustible pase un poco m\u00e1s r\u00e1pido que con otros repuestos, lo que puede mejorar el arranque del veh\u00edculo en el d\u00eda a d\u00eda.<\/p><ul><li><strong>Tiempo de vida: 3000 hrs<\/strong><\/li><li><strong>Voltaje utilizado: 12V<\/strong><\/li><li><strong>Garant\u00eda: 1 a\u00f1o<\/strong><\/li><\/ul>\t\t\t\t\t\t\t\t<\/div>\n\t\t\t\t<\/div>\n\t\t\t\t\t<\/div>\n\t\t<\/div>\n\t\t\t\t\t<\/div>\n\t\t<\/section>\n\t\t\t\t<section class=\"elementor-section elementor-inner-section elementor-element elementor-element-021b64c elementor-section-boxed elementor-section-height-default elementor-section-height-default\" data-id=\"021b64c\" data-element_type=\"section\">\n\t\t\t\t\t\t<div class=\"elementor-container elementor-column-gap-default\">\n\t\t\t\t\t<div class=\"elementor-column elementor-col-50 elementor-inner-column elementor-element elementor-element-aeb1c91\" data-id=\"aeb1c91\" data-element_type=\"column\">\n\t\t\t<div class=\"elementor-widget-wrap elementor-element-populated\">\n\t\t\t\t\t\t<div class=\"elementor-element elementor-element-230a571 elementor-widget__width-initial elementor-widget elementor-widget-image\" data-id=\"230a571\" data-element_type=\"widget\" data-widget_type=\"image.default\">\n\t\t\t\t<div class=\"elementor-widget-container\">\n\t\t\t\t\t\t\t\t\t\t\t\t\t\t\t<img loading=\"lazy\" decoding=\"async\" width=\"1024\" height=\"838\" src=\"https:\/\/i0.wp.com\/mhw-autoparts.com\/mhw\/wp-content\/uploads\/2025\/02\/SFSDG-scaled.jpg?fit=1024%2C838&amp;ssl=1\" class=\"attachment-large size-large wp-image-7523\" alt=\"\" srcset=\"https:\/\/i0.wp.com\/mhw-autoparts.com\/mhw\/wp-content\/uploads\/2025\/02\/SFSDG-scaled.jpg?w=2560&amp;ssl=1 2560w, https:\/\/i0.wp.com\/mhw-autoparts.com\/mhw\/wp-content\/uploads\/2025\/02\/SFSDG-scaled.jpg?resize=300%2C246&amp;ssl=1 300w, https:\/\/i0.wp.com\/mhw-autoparts.com\/mhw\/wp-content\/uploads\/2025\/02\/SFSDG-scaled.jpg?resize=1024%2C838&amp;ssl=1 1024w, https:\/\/i0.wp.com\/mhw-autoparts.com\/mhw\/wp-content\/uploads\/2025\/02\/SFSDG-scaled.jpg?resize=768%2C629&amp;ssl=1 768w, https:\/\/i0.wp.com\/mhw-autoparts.com\/mhw\/wp-content\/uploads\/2025\/02\/SFSDG-scaled.jpg?resize=1536%2C1258&amp;ssl=1 1536w, https:\/\/i0.wp.com\/mhw-autoparts.com\/mhw\/wp-content\/uploads\/2025\/02\/SFSDG-scaled.jpg?resize=2048%2C1677&amp;ssl=1 2048w, https:\/\/i0.wp.com\/mhw-autoparts.com\/mhw\/wp-content\/uploads\/2025\/02\/SFSDG-scaled.jpg?resize=1200%2C983&amp;ssl=1 1200w, https:\/\/i0.wp.com\/mhw-autoparts.com\/mhw\/wp-content\/uploads\/2025\/02\/SFSDG-scaled.jpg?resize=1980%2C1621&amp;ssl=1 1980w, https:\/\/i0.wp.com\/mhw-autoparts.com\/mhw\/wp-content\/uploads\/2025\/02\/SFSDG-scaled.jpg?resize=600%2C491&amp;ssl=1 600w, https:\/\/i0.wp.com\/mhw-autoparts.com\/mhw\/wp-content\/uploads\/2025\/02\/SFSDG-scaled.jpg?w=2280&amp;ssl=1 2280w\" sizes=\"(max-width: 1024px) 100vw, 1024px\" \/>\t\t\t\t\t\t\t\t\t\t\t\t\t\t\t<\/div>\n\t\t\t\t<\/div>\n\t\t\t\t\t<\/div>\n\t\t<\/div>\n\t\t\t\t<div class=\"elementor-column elementor-col-50 elementor-inner-column elementor-element elementor-element-b39fd07\" data-id=\"b39fd07\" data-element_type=\"column\">\n\t\t\t<div class=\"elementor-widget-wrap elementor-element-populated\">\n\t\t\t\t\t\t<div class=\"elementor-element elementor-element-baf7d05 elementor-widget__width-initial elementor-widget elementor-widget-heading\" data-id=\"baf7d05\" data-element_type=\"widget\" data-widget_type=\"heading.default\">\n\t\t\t\t<div class=\"elementor-widget-container\">\n\t\t\t\t\t<h2 class=\"elementor-heading-title elementor-size-xl\"><strong>FLOTANTES<\/strong> <\/h2>\t\t\t\t<\/div>\n\t\t\t\t<\/div>\n\t\t\t\t<div class=\"elementor-element elementor-element-e90d85c elementor-widget__width-initial elementor-widget elementor-widget-text-editor\" data-id=\"e90d85c\" data-element_type=\"widget\" data-widget_type=\"text-editor.default\">\n\t\t\t\t<div class=\"elementor-widget-container\">\n\t\t\t\t\t\t\t\t\t<p class=\"ds-markdown-paragraph\">El flotante es una pieza clave que indica la cantidad de combustible en la mayor\u00eda de los veh\u00edculos. Esto permite que los conductores vean la cantidad de gasolina restante y midan el nivel dentro del tanque.<\/p><p class=\"ds-markdown-paragraph\">MHW ofrece repuestos con medidas y funcionamiento similares a los equipos originales (OEM). Se fabrican con materiales nuevos y pasan por pruebas b\u00e1sicas de control de calidad para asegurar un rendimiento aceptable y una resistencia est\u00e1ndar en el uso diario.<\/p>\t\t\t\t\t\t\t\t<\/div>\n\t\t\t\t<\/div>\n\t\t\t\t\t<\/div>\n\t\t<\/div>\n\t\t\t\t\t<\/div>\n\t\t<\/section>\n\t\t\t\t\t<\/div>\n\t\t<\/div>\n\t\t\t\t\t<\/div>\n\t\t<\/section>\n\t\t<div class=\"elementor-element elementor-element-644256f e-flex e-con-boxed e-con e-parent\" data-id=\"644256f\" data-element_type=\"container\" data-settings=\"{&quot;background_background&quot;:&quot;classic&quot;}\">\n\t\t\t\t\t<div class=\"e-con-inner\">\n\t\t<div class=\"elementor-element elementor-element-e27ebc2 e-con-full e-flex e-con e-child\" data-id=\"e27ebc2\" data-element_type=\"container\">\n\t\t\t\t<div class=\"elementor-element elementor-element-d176c2a elementor-widget__width-initial elementor-widget elementor-widget-image\" data-id=\"d176c2a\" data-element_type=\"widget\" data-widget_type=\"image.default\">\n\t\t\t\t<div class=\"elementor-widget-container\">\n\t\t\t\t\t\t\t\t\t\t\t\t\t\t\t<img loading=\"lazy\" decoding=\"async\" width=\"1024\" height=\"905\" src=\"https:\/\/i0.wp.com\/mhw-autoparts.com\/mhw\/wp-content\/uploads\/2025\/02\/2222-scaled.jpg?fit=1024%2C905&amp;ssl=1\" class=\"attachment-large size-large wp-image-7516\" alt=\"\" srcset=\"https:\/\/i0.wp.com\/mhw-autoparts.com\/mhw\/wp-content\/uploads\/2025\/02\/2222-scaled.jpg?w=2560&amp;ssl=1 2560w, https:\/\/i0.wp.com\/mhw-autoparts.com\/mhw\/wp-content\/uploads\/2025\/02\/2222-scaled.jpg?resize=300%2C265&amp;ssl=1 300w, https:\/\/i0.wp.com\/mhw-autoparts.com\/mhw\/wp-content\/uploads\/2025\/02\/2222-scaled.jpg?resize=1024%2C905&amp;ssl=1 1024w, https:\/\/i0.wp.com\/mhw-autoparts.com\/mhw\/wp-content\/uploads\/2025\/02\/2222-scaled.jpg?resize=768%2C678&amp;ssl=1 768w, https:\/\/i0.wp.com\/mhw-autoparts.com\/mhw\/wp-content\/uploads\/2025\/02\/2222-scaled.jpg?resize=1536%2C1357&amp;ssl=1 1536w, https:\/\/i0.wp.com\/mhw-autoparts.com\/mhw\/wp-content\/uploads\/2025\/02\/2222-scaled.jpg?resize=2048%2C1809&amp;ssl=1 2048w, https:\/\/i0.wp.com\/mhw-autoparts.com\/mhw\/wp-content\/uploads\/2025\/02\/2222-scaled.jpg?resize=1200%2C1060&amp;ssl=1 1200w, https:\/\/i0.wp.com\/mhw-autoparts.com\/mhw\/wp-content\/uploads\/2025\/02\/2222-scaled.jpg?resize=1980%2C1749&amp;ssl=1 1980w, https:\/\/i0.wp.com\/mhw-autoparts.com\/mhw\/wp-content\/uploads\/2025\/02\/2222-scaled.jpg?resize=600%2C530&amp;ssl=1 600w, https:\/\/i0.wp.com\/mhw-autoparts.com\/mhw\/wp-content\/uploads\/2025\/02\/2222-scaled.jpg?w=2280&amp;ssl=1 2280w\" sizes=\"(max-width: 1024px) 100vw, 1024px\" \/>\t\t\t\t\t\t\t\t\t\t\t\t\t\t\t<\/div>\n\t\t\t\t<\/div>\n\t\t\t\t<\/div>\n\t\t<div class=\"elementor-element elementor-element-99e4495 e-con-full e-flex e-con e-child\" data-id=\"99e4495\" data-element_type=\"container\">\n\t\t\t\t<div class=\"elementor-element elementor-element-0482869 elementor-widget elementor-widget-heading\" data-id=\"0482869\" data-element_type=\"widget\" data-widget_type=\"heading.default\">\n\t\t\t\t<div class=\"elementor-widget-container\">\n\t\t\t\t\t<h2 class=\"elementor-heading-title elementor-size-default\">Encuentra en MHW<\/h2>\t\t\t\t<\/div>\n\t\t\t\t<\/div>\n\t\t\t\t<div class=\"elementor-element elementor-element-0d66892 elementor-widget elementor-widget-text-editor\" data-id=\"0d66892\" data-element_type=\"widget\" data-widget_type=\"text-editor.default\">\n\t\t\t\t<div class=\"elementor-widget-container\">\n\t\t\t\t\t\t\t\t\t<p>LA LINEA DE COMBUSTIBLE CON CALIDAD OE.<\/p>\t\t\t\t\t\t\t\t<\/div>\n\t\t\t\t<\/div>\n\t\t\t\t<div class=\"elementor-element elementor-element-b93fa96 elementor-mobile-align-left elementor-widget elementor-widget-button\" data-id=\"b93fa96\" data-element_type=\"widget\" data-widget_type=\"button.default\">\n\t\t\t\t<div class=\"elementor-widget-container\">\n\t\t\t\t\t\t\t\t\t<div class=\"elementor-button-wrapper\">\n\t\t\t\t\t<a class=\"elementor-button elementor-button-link elementor-size-xl\" href=\"https:\/\/api.whatsapp.com\/send?phone=584124005205&#038;text=%C2%A1Hola!,%20Me%20interesa%20las%20Mesetas%20MHW,%20%C2%BFpodr%C3%ADa%20suministrarme%20la%20lista%20de%20precios,%20por%20favor?\" target=\"_blank\">\n\t\t\t\t\t\t<span class=\"elementor-button-content-wrapper\">\n\t\t\t\t\t\t\t\t\t<span class=\"elementor-button-text\">SOLICITAR PRECIOS<\/span>\n\t\t\t\t\t<\/span>\n\t\t\t\t\t<\/a>\n\t\t\t\t<\/div>\n\t\t\t\t\t\t\t\t<\/div>\n\t\t\t\t<\/div>\n\t\t\t\t<\/div>\n\t\t\t\t\t<\/div>\n\t\t\t\t<\/div>\n\t\t\t\t<\/div>\n\t\t","protected":false},"excerpt":{"rendered":"<p>L\u00cdNEA DE GASOLINA TECNOLOG\u00cdA DE VANGUARDIA SOLICITAR PRECIOS M\u00d3DULO COMPLETO Los m\u00f3dulos completos MHW son repuestos fabricados en china con materiales comunes, ofrecen un funcionamiento b\u00e1sico y ayudan a que [&hellip;]<\/p>\n","protected":false},"author":1,"featured_media":0,"parent":0,"menu_order":0,"comment_status":"closed","ping_status":"closed","template":"elementor_header_footer","meta":{"footnotes":""},"class_list":["post-1629","page","type-page","status-publish","hentry"],"jetpack_sharing_enabled":true,"_links":{"self":[{"href":"https:\/\/mhw-autoparts.com\/mhw\/wp-json\/wp\/v2\/pages\/1629","targetHints":{"allow":["GET"]}}],"collection":[{"href":"https:\/\/mhw-autoparts.com\/mhw\/wp-json\/wp\/v2\/pages"}],"about":[{"href":"https:\/\/mhw-autoparts.com\/mhw\/wp-json\/wp\/v2\/types\/page"}],"author":[{"embeddable":true,"href":"https:\/\/mhw-autoparts.com\/mhw\/wp-json\/wp\/v2\/users\/1"}],"replies":[{"embeddable":true,"href":"https:\/\/mhw-autoparts.com\/mhw\/wp-json\/wp\/v2\/comments?post=1629"}],"version-history":[{"count":30,"href":"https:\/\/mhw-autoparts.com\/mhw\/wp-json\/wp\/v2\/pages\/1629\/revisions"}],"predecessor-version":[{"id":8248,"href":"https:\/\/mhw-autoparts.com\/mhw\/wp-json\/wp\/v2\/pages\/1629\/revisions\/8248"}],"wp:attachment":[{"href":"https:\/\/mhw-autoparts.com\/mhw\/wp-json\/wp\/v2\/media?parent=1629"}],"curies":[{"name":"wp","href":"https:\/\/api.w.org\/{rel}","templated":true}]}}