{"id":4793,"date":"2021-12-10T15:41:40","date_gmt":"2021-12-10T15:41:40","guid":{"rendered":"https:\/\/mhw-autoparts.com\/mhw\/?page_id=4793"},"modified":"2024-12-09T19:05:52","modified_gmt":"2024-12-09T19:05:52","slug":"punta-de-tripoide","status":"publish","type":"page","link":"https:\/\/mhw-autoparts.com\/mhw\/punta-de-tripoide\/","title":{"rendered":"PUNTA DE TRIPOIDE"},"content":{"rendered":"\t\t<div data-elementor-type=\"wp-page\" data-elementor-id=\"4793\" class=\"elementor elementor-4793\" data-elementor-post-type=\"page\">\n\t\t\t\t\t\t<section class=\"elementor-section elementor-top-section elementor-element elementor-element-3c0be48 elementor-section-stretched elementor-section-full_width elementor-hidden-phone elementor-section-height-default elementor-section-height-default\" data-id=\"3c0be48\" data-element_type=\"section\" data-e-type=\"section\" data-settings=\"{&quot;stretch_section&quot;:&quot;section-stretched&quot;}\">\n\t\t\t\t\t\t<div class=\"elementor-container elementor-column-gap-no\">\n\t\t\t\t\t<div class=\"elementor-column elementor-col-100 elementor-top-column elementor-element elementor-element-3f7e06f\" data-id=\"3f7e06f\" data-element_type=\"column\" data-e-type=\"column\">\n\t\t\t<div class=\"elementor-widget-wrap elementor-element-populated\">\n\t\t\t\t\t\t<div class=\"elementor-element elementor-element-f85bcbf elementor--v-position-bottom elementor-widget-tablet__width-initial elementor--h-position-center elementor-arrows-position-inside elementor-widget elementor-widget-slides\" data-id=\"f85bcbf\" data-element_type=\"widget\" data-e-type=\"widget\" data-settings=\"{&quot;navigation&quot;:&quot;arrows&quot;,&quot;autoplay&quot;:&quot;yes&quot;,&quot;pause_on_hover&quot;:&quot;yes&quot;,&quot;pause_on_interaction&quot;:&quot;yes&quot;,&quot;autoplay_speed&quot;:5000,&quot;infinite&quot;:&quot;yes&quot;,&quot;transition&quot;:&quot;slide&quot;,&quot;transition_speed&quot;:500}\" data-widget_type=\"slides.default\">\n\t\t\t\t<div class=\"elementor-widget-container\">\n\t\t\t\t\t\t\t\t\t<div class=\"elementor-swiper\">\n\t\t\t\t\t<div class=\"elementor-slides-wrapper elementor-main-swiper swiper\" role=\"region\" aria-roledescription=\"carousel\" aria-label=\"Slides\" dir=\"ltr\" data-animation=\"fadeInUp\">\n\t\t\t\t<div class=\"swiper-wrapper elementor-slides\">\n\t\t\t\t\t\t\t\t\t\t<div class=\"elementor-repeater-item-22b27d1 swiper-slide\" role=\"group\" aria-roledescription=\"slide\"><div class=\"swiper-slide-bg\" role=\"img\" aria-label=\"cv joint ceertificaciones-02\"><\/div><div class=\"swiper-slide-inner\" ><div class=\"swiper-slide-contents\"><\/div><\/div><\/div>\t\t\t\t<\/div>\n\t\t\t\t\t\t\t<\/div>\n\t\t\t\t<\/div>\n\t\t\t\t\t\t\t\t<\/div>\n\t\t\t\t<\/div>\n\t\t\t\t\t<\/div>\n\t\t<\/div>\n\t\t\t\t\t<\/div>\n\t\t<\/section>\n\t\t\t\t<section class=\"elementor-section elementor-top-section elementor-element elementor-element-394abb2 elementor-hidden-phone elementor-section-boxed elementor-section-height-default elementor-section-height-default\" data-id=\"394abb2\" data-element_type=\"section\" data-e-type=\"section\" data-settings=\"{&quot;background_background&quot;:&quot;classic&quot;}\">\n\t\t\t\t\t\t<div class=\"elementor-container elementor-column-gap-default\">\n\t\t\t\t\t<div class=\"elementor-column elementor-col-100 elementor-top-column elementor-element elementor-element-c714d75\" data-id=\"c714d75\" data-element_type=\"column\" data-e-type=\"column\">\n\t\t\t<div class=\"elementor-widget-wrap elementor-element-populated\">\n\t\t\t\t\t\t<section class=\"elementor-section elementor-inner-section elementor-element elementor-element-2f462da elementor-section-boxed elementor-section-height-default elementor-section-height-default\" data-id=\"2f462da\" data-element_type=\"section\" data-e-type=\"section\">\n\t\t\t\t\t\t<div class=\"elementor-container elementor-column-gap-default\">\n\t\t\t\t\t<div class=\"elementor-column elementor-col-50 elementor-inner-column elementor-element elementor-element-43e8a35\" data-id=\"43e8a35\" data-element_type=\"column\" data-e-type=\"column\">\n\t\t\t<div class=\"elementor-widget-wrap elementor-element-populated\">\n\t\t\t\t\t\t<div class=\"elementor-element elementor-element-facc532 elementor-widget elementor-widget-image\" data-id=\"facc532\" data-element_type=\"widget\" data-e-type=\"widget\" data-widget_type=\"image.default\">\n\t\t\t\t<div class=\"elementor-widget-container\">\n\t\t\t\t\t\t\t\t\t\t\t\t\t\t\t<img fetchpriority=\"high\" decoding=\"async\" width=\"1024\" height=\"771\" src=\"https:\/\/i0.wp.com\/mhw-autoparts.com\/mhw\/wp-content\/uploads\/2021\/12\/BANNER-PUNTA-DE-TRIPOI.jpg?fit=1024%2C771&amp;ssl=1\" class=\"attachment-large size-large wp-image-4813\" alt=\"\" srcset=\"https:\/\/i0.wp.com\/mhw-autoparts.com\/mhw\/wp-content\/uploads\/2021\/12\/BANNER-PUNTA-DE-TRIPOI.jpg?w=1394&amp;ssl=1 1394w, https:\/\/i0.wp.com\/mhw-autoparts.com\/mhw\/wp-content\/uploads\/2021\/12\/BANNER-PUNTA-DE-TRIPOI.jpg?resize=300%2C226&amp;ssl=1 300w, https:\/\/i0.wp.com\/mhw-autoparts.com\/mhw\/wp-content\/uploads\/2021\/12\/BANNER-PUNTA-DE-TRIPOI.jpg?resize=1024%2C771&amp;ssl=1 1024w, https:\/\/i0.wp.com\/mhw-autoparts.com\/mhw\/wp-content\/uploads\/2021\/12\/BANNER-PUNTA-DE-TRIPOI.jpg?resize=768%2C578&amp;ssl=1 768w, https:\/\/i0.wp.com\/mhw-autoparts.com\/mhw\/wp-content\/uploads\/2021\/12\/BANNER-PUNTA-DE-TRIPOI.jpg?resize=1200%2C904&amp;ssl=1 1200w, https:\/\/i0.wp.com\/mhw-autoparts.com\/mhw\/wp-content\/uploads\/2021\/12\/BANNER-PUNTA-DE-TRIPOI.jpg?resize=1320%2C994&amp;ssl=1 1320w, https:\/\/i0.wp.com\/mhw-autoparts.com\/mhw\/wp-content\/uploads\/2021\/12\/BANNER-PUNTA-DE-TRIPOI.jpg?resize=600%2C452&amp;ssl=1 600w\" sizes=\"(max-width: 1024px) 100vw, 1024px\" \/>\t\t\t\t\t\t\t\t\t\t\t\t\t\t\t<\/div>\n\t\t\t\t<\/div>\n\t\t\t\t\t<\/div>\n\t\t<\/div>\n\t\t\t\t<div class=\"elementor-column elementor-col-50 elementor-inner-column elementor-element elementor-element-02d0557\" data-id=\"02d0557\" data-element_type=\"column\" data-e-type=\"column\">\n\t\t\t<div class=\"elementor-widget-wrap elementor-element-populated\">\n\t\t\t\t\t\t<div class=\"elementor-element elementor-element-2e5e77a elementor-widget elementor-widget-heading\" data-id=\"2e5e77a\" data-element_type=\"widget\" data-e-type=\"widget\" data-widget_type=\"heading.default\">\n\t\t\t\t<div class=\"elementor-widget-container\">\n\t\t\t\t\t<h2 class=\"elementor-heading-title elementor-size-xl\"><strong>PUNTA DE TRIPOIDE<\/strong> <br>MHW<\/h2>\t\t\t\t<\/div>\n\t\t\t\t<\/div>\n\t\t\t\t<div class=\"elementor-element elementor-element-cd7fabc elementor-widget elementor-widget-text-editor\" data-id=\"cd7fabc\" data-element_type=\"widget\" data-e-type=\"widget\" data-widget_type=\"text-editor.default\">\n\t\t\t\t<div class=\"elementor-widget-container\">\n\t\t\t\t\t\t\t\t\t<p>La punta de tripoide tiene como funci\u00f3n el transmitir el movimiento a las ruedas sin importar que estas cambien de posici\u00f3n ya sea por irregularidades del camino o por giro de la direcci\u00f3n. Los tripoides no tienen ning\u00fan mantenimiento preventivo, si hay desgaste de las superficies de contacto deben ser reemplazadas, en consecuencia MHW emplea los materiales m\u00e1s actualizados para asegurar a nuestros consumidores un producto de calidad y resistencia superior.<\/p>\t\t\t\t\t\t\t\t<\/div>\n\t\t\t\t<\/div>\n\t\t\t\t\t<\/div>\n\t\t<\/div>\n\t\t\t\t\t<\/div>\n\t\t<\/section>\n\t\t\t\t\t<\/div>\n\t\t<\/div>\n\t\t\t\t\t<\/div>\n\t\t<\/section>\n\t\t\t\t<\/div>\n\t\t","protected":false},"excerpt":{"rendered":"<p>PUNTA DE TRIPOIDE MHW La punta de tripoide tiene como funci\u00f3n el transmitir el movimiento a las ruedas sin importar que estas cambien de posici\u00f3n ya sea por irregularidades del [&hellip;]<\/p>\n","protected":false},"author":1,"featured_media":0,"parent":0,"menu_order":0,"comment_status":"closed","ping_status":"closed","template":"elementor_header_footer","meta":{"footnotes":""},"class_list":["post-4793","page","type-page","status-publish","hentry"],"jetpack_sharing_enabled":true,"_links":{"self":[{"href":"https:\/\/mhw-autoparts.com\/mhw\/wp-json\/wp\/v2\/pages\/4793","targetHints":{"allow":["GET"]}}],"collection":[{"href":"https:\/\/mhw-autoparts.com\/mhw\/wp-json\/wp\/v2\/pages"}],"about":[{"href":"https:\/\/mhw-autoparts.com\/mhw\/wp-json\/wp\/v2\/types\/page"}],"author":[{"embeddable":true,"href":"https:\/\/mhw-autoparts.com\/mhw\/wp-json\/wp\/v2\/users\/1"}],"replies":[{"embeddable":true,"href":"https:\/\/mhw-autoparts.com\/mhw\/wp-json\/wp\/v2\/comments?post=4793"}],"version-history":[{"count":12,"href":"https:\/\/mhw-autoparts.com\/mhw\/wp-json\/wp\/v2\/pages\/4793\/revisions"}],"predecessor-version":[{"id":7133,"href":"https:\/\/mhw-autoparts.com\/mhw\/wp-json\/wp\/v2\/pages\/4793\/revisions\/7133"}],"wp:attachment":[{"href":"https:\/\/mhw-autoparts.com\/mhw\/wp-json\/wp\/v2\/media?parent=4793"}],"curies":[{"name":"wp","href":"https:\/\/api.w.org\/{rel}","templated":true}]}}