{"id":5478,"date":"2023-03-15T13:41:36","date_gmt":"2023-03-15T13:41:36","guid":{"rendered":"https:\/\/mhw-autoparts.com\/mhw\/?page_id=5478"},"modified":"2025-02-15T15:46:32","modified_gmt":"2025-02-15T15:46:32","slug":"nueva-pagina-id-5478","status":"publish","type":"page","link":"https:\/\/mhw-autoparts.com\/mhw\/nueva-pagina-id-5478\/","title":{"rendered":"MANGUERAS"},"content":{"rendered":"\t\t<div data-elementor-type=\"wp-page\" data-elementor-id=\"5478\" class=\"elementor elementor-5478\" data-elementor-post-type=\"page\">\n\t\t\t\t<div class=\"elementor-element elementor-element-3ba1bab e-flex e-con-boxed e-con e-parent\" data-id=\"3ba1bab\" data-element_type=\"container\" data-e-type=\"container\">\n\t\t\t\t\t<div class=\"e-con-inner\">\n\t\t<div class=\"elementor-element elementor-element-14e5930 e-con-full e-flex e-con e-parent\" data-id=\"14e5930\" data-element_type=\"container\" data-e-type=\"container\">\n\t\t\t\t<div class=\"elementor-element elementor-element-dd3e2fe elementor-widget__width-initial elementor-widget elementor-widget-heading\" data-id=\"dd3e2fe\" data-element_type=\"widget\" data-e-type=\"widget\" data-widget_type=\"heading.default\">\n\t\t\t\t<div class=\"elementor-widget-container\">\n\t\t\t\t\t<h2 class=\"elementor-heading-title elementor-size-default\">MANGUERAS <br>Y DUCTOS<\/h2>\t\t\t\t<\/div>\n\t\t\t\t<\/div>\n\t\t\t\t<div class=\"elementor-element elementor-element-d20d703 elementor-widget elementor-widget-text-editor\" data-id=\"d20d703\" data-element_type=\"widget\" data-e-type=\"widget\" data-widget_type=\"text-editor.default\">\n\t\t\t\t<div class=\"elementor-widget-container\">\n\t\t\t\t\t\t\t\t\t<p>MHW ofrece una variedad de reservorios para\u00a0<span style=\"font-size: inherit; text-align: inherit; letter-spacing: -0.015em;\">aplicaciones automotrices.<\/span><\/p>\t\t\t\t\t\t\t\t<\/div>\n\t\t\t\t<\/div>\n\t\t\t\t<div class=\"elementor-element elementor-element-0151d01 elementor-widget elementor-widget-button\" data-id=\"0151d01\" data-element_type=\"widget\" data-e-type=\"widget\" data-widget_type=\"button.default\">\n\t\t\t\t<div class=\"elementor-widget-container\">\n\t\t\t\t\t\t\t\t\t<div class=\"elementor-button-wrapper\">\n\t\t\t\t\t<a class=\"elementor-button elementor-button-link elementor-size-xl\" href=\"\" target=\"_blank\" https=\"\">\n\t\t\t\t\t\t<span class=\"elementor-button-content-wrapper\">\n\t\t\t\t\t\t\t\t\t<span class=\"elementor-button-text\">SOLICITAR PRECIOS<\/span>\n\t\t\t\t\t<\/span>\n\t\t\t\t\t<\/a>\n\t\t\t\t<\/div>\n\t\t\t\t\t\t\t\t<\/div>\n\t\t\t\t<\/div>\n\t\t\t\t<\/div>\n\t\t<div class=\"elementor-element elementor-element-8be2b2b e-con-full e-flex e-con e-parent\" data-id=\"8be2b2b\" data-element_type=\"container\" data-e-type=\"container\">\n\t\t\t\t<div class=\"elementor-element elementor-element-3bd2376 elementor-widget__width-initial elementor-widget elementor-widget-image\" data-id=\"3bd2376\" data-element_type=\"widget\" data-e-type=\"widget\" data-widget_type=\"image.default\">\n\t\t\t\t<div class=\"elementor-widget-container\">\n\t\t\t\t\t\t\t\t\t\t\t\t\t\t\t<img fetchpriority=\"high\" decoding=\"async\" width=\"1024\" height=\"835\" src=\"https:\/\/i0.wp.com\/mhw-autoparts.com\/mhw\/wp-content\/uploads\/2025\/02\/ASDFGHJKL.png?fit=1024%2C835&amp;ssl=1\" class=\"attachment-large size-large wp-image-7600\" alt=\"\" srcset=\"https:\/\/i0.wp.com\/mhw-autoparts.com\/mhw\/wp-content\/uploads\/2025\/02\/ASDFGHJKL.png?w=3077&amp;ssl=1 3077w, https:\/\/i0.wp.com\/mhw-autoparts.com\/mhw\/wp-content\/uploads\/2025\/02\/ASDFGHJKL.png?resize=300%2C245&amp;ssl=1 300w, https:\/\/i0.wp.com\/mhw-autoparts.com\/mhw\/wp-content\/uploads\/2025\/02\/ASDFGHJKL.png?resize=1024%2C835&amp;ssl=1 1024w, https:\/\/i0.wp.com\/mhw-autoparts.com\/mhw\/wp-content\/uploads\/2025\/02\/ASDFGHJKL.png?resize=768%2C626&amp;ssl=1 768w, https:\/\/i0.wp.com\/mhw-autoparts.com\/mhw\/wp-content\/uploads\/2025\/02\/ASDFGHJKL.png?resize=1536%2C1252&amp;ssl=1 1536w, https:\/\/i0.wp.com\/mhw-autoparts.com\/mhw\/wp-content\/uploads\/2025\/02\/ASDFGHJKL.png?resize=2048%2C1669&amp;ssl=1 2048w, https:\/\/i0.wp.com\/mhw-autoparts.com\/mhw\/wp-content\/uploads\/2025\/02\/ASDFGHJKL.png?resize=1200%2C978&amp;ssl=1 1200w, https:\/\/i0.wp.com\/mhw-autoparts.com\/mhw\/wp-content\/uploads\/2025\/02\/ASDFGHJKL.png?resize=1980%2C1614&amp;ssl=1 1980w, https:\/\/i0.wp.com\/mhw-autoparts.com\/mhw\/wp-content\/uploads\/2025\/02\/ASDFGHJKL.png?resize=600%2C489&amp;ssl=1 600w, https:\/\/i0.wp.com\/mhw-autoparts.com\/mhw\/wp-content\/uploads\/2025\/02\/ASDFGHJKL.png?w=2280&amp;ssl=1 2280w\" sizes=\"(max-width: 1024px) 100vw, 1024px\" \/>\t\t\t\t\t\t\t\t\t\t\t\t\t\t\t<\/div>\n\t\t\t\t<\/div>\n\t\t\t\t<\/div>\n\t\t\t\t\t<\/div>\n\t\t\t\t<\/div>\n\t\t<div class=\"elementor-element elementor-element-d874a14 e-flex e-con-boxed e-con e-parent\" data-id=\"d874a14\" data-element_type=\"container\" data-e-type=\"container\">\n\t\t\t\t\t<div class=\"e-con-inner\">\n\t\t\t\t<div class=\"elementor-element elementor-element-8186e43 elementor-widget-divider--view-line elementor-widget elementor-widget-divider\" data-id=\"8186e43\" data-element_type=\"widget\" data-e-type=\"widget\" data-widget_type=\"divider.default\">\n\t\t\t\t<div class=\"elementor-widget-container\">\n\t\t\t\t\t\t\t<div class=\"elementor-divider\">\n\t\t\t<span class=\"elementor-divider-separator\">\n\t\t\t\t\t\t<\/span>\n\t\t<\/div>\n\t\t\t\t\t\t<\/div>\n\t\t\t\t<\/div>\n\t\t\t\t<div class=\"elementor-element elementor-element-2190fcf elementor-widget elementor-widget-text-editor\" data-id=\"2190fcf\" data-element_type=\"widget\" data-e-type=\"widget\" data-widget_type=\"text-editor.default\">\n\t\t\t\t<div class=\"elementor-widget-container\">\n\t\t\t\t\t\t\t\t\t<p><b>MHW<\/b> se ha posicionado en el mercado automotriz por la distribuci\u00f3n de sus productos, incluyendo <b>mangueras y ductos de motor.<\/b><\/p>\t\t\t\t\t\t\t\t<\/div>\n\t\t\t\t<\/div>\n\t\t\t\t\t<\/div>\n\t\t\t\t<\/div>\n\t\t<div class=\"elementor-element elementor-element-0bb9b79 e-con-full e-flex e-con e-parent\" data-id=\"0bb9b79\" data-element_type=\"container\" data-e-type=\"container\">\n\t\t\t\t<div class=\"elementor-element elementor-element-a40c669 elementor-widget__width-initial elementor-widget elementor-widget-image\" data-id=\"a40c669\" data-element_type=\"widget\" data-e-type=\"widget\" data-widget_type=\"image.default\">\n\t\t\t\t<div class=\"elementor-widget-container\">\n\t\t\t\t\t\t\t\t\t\t\t\t\t\t\t<img decoding=\"async\" width=\"1024\" height=\"859\" src=\"https:\/\/i0.wp.com\/mhw-autoparts.com\/mhw\/wp-content\/uploads\/2025\/02\/Mesa-de-trabajo-7.png?fit=1024%2C859&amp;ssl=1\" class=\"attachment-large size-large wp-image-7598\" alt=\"\" srcset=\"https:\/\/i0.wp.com\/mhw-autoparts.com\/mhw\/wp-content\/uploads\/2025\/02\/Mesa-de-trabajo-7.png?w=2358&amp;ssl=1 2358w, https:\/\/i0.wp.com\/mhw-autoparts.com\/mhw\/wp-content\/uploads\/2025\/02\/Mesa-de-trabajo-7.png?resize=300%2C252&amp;ssl=1 300w, https:\/\/i0.wp.com\/mhw-autoparts.com\/mhw\/wp-content\/uploads\/2025\/02\/Mesa-de-trabajo-7.png?resize=1024%2C859&amp;ssl=1 1024w, https:\/\/i0.wp.com\/mhw-autoparts.com\/mhw\/wp-content\/uploads\/2025\/02\/Mesa-de-trabajo-7.png?resize=768%2C645&amp;ssl=1 768w, https:\/\/i0.wp.com\/mhw-autoparts.com\/mhw\/wp-content\/uploads\/2025\/02\/Mesa-de-trabajo-7.png?resize=1536%2C1289&amp;ssl=1 1536w, https:\/\/i0.wp.com\/mhw-autoparts.com\/mhw\/wp-content\/uploads\/2025\/02\/Mesa-de-trabajo-7.png?resize=2048%2C1719&amp;ssl=1 2048w, https:\/\/i0.wp.com\/mhw-autoparts.com\/mhw\/wp-content\/uploads\/2025\/02\/Mesa-de-trabajo-7.png?resize=1200%2C1007&amp;ssl=1 1200w, https:\/\/i0.wp.com\/mhw-autoparts.com\/mhw\/wp-content\/uploads\/2025\/02\/Mesa-de-trabajo-7.png?resize=1980%2C1662&amp;ssl=1 1980w, https:\/\/i0.wp.com\/mhw-autoparts.com\/mhw\/wp-content\/uploads\/2025\/02\/Mesa-de-trabajo-7.png?resize=600%2C504&amp;ssl=1 600w, https:\/\/i0.wp.com\/mhw-autoparts.com\/mhw\/wp-content\/uploads\/2025\/02\/Mesa-de-trabajo-7.png?w=2280&amp;ssl=1 2280w\" sizes=\"(max-width: 1024px) 100vw, 1024px\" \/>\t\t\t\t\t\t\t\t\t\t\t\t\t\t\t<\/div>\n\t\t\t\t<\/div>\n\t\t<div class=\"elementor-element elementor-element-042c3b5 e-con-full e-flex e-con e-parent\" data-id=\"042c3b5\" data-element_type=\"container\" data-e-type=\"container\">\n\t\t\t\t<div class=\"elementor-element elementor-element-2e2b9f1 elementor-widget__width-initial elementor-widget elementor-widget-heading\" data-id=\"2e2b9f1\" data-element_type=\"widget\" data-e-type=\"widget\" data-widget_type=\"heading.default\">\n\t\t\t\t<div class=\"elementor-widget-container\">\n\t\t\t\t\t<h2 class=\"elementor-heading-title elementor-size-default\">Mangueras de Refrigerante<\/h2>\t\t\t\t<\/div>\n\t\t\t\t<\/div>\n\t\t\t\t<div class=\"elementor-element elementor-element-a031fd1 elementor-widget elementor-widget-text-editor\" data-id=\"a031fd1\" data-element_type=\"widget\" data-e-type=\"widget\" data-widget_type=\"text-editor.default\">\n\t\t\t\t<div class=\"elementor-widget-container\">\n\t\t\t\t\t\t\t\t\t<p>\u00a0Dise\u00f1adas para transportar fluidos de refrigeraci\u00f3n en sistemas de motor. Fabricadas para resistir altas temperaturas y presiones.<\/p>\t\t\t\t\t\t\t\t<\/div>\n\t\t\t\t<\/div>\n\t\t\t\t<\/div>\n\t\t<div class=\"elementor-element elementor-element-2da38f4 e-con-full e-flex e-con e-parent\" data-id=\"2da38f4\" data-element_type=\"container\" data-e-type=\"container\">\n\t\t\t\t<div class=\"elementor-element elementor-element-0279071 elementor-widget__width-initial elementor-widget elementor-widget-heading\" data-id=\"0279071\" data-element_type=\"widget\" data-e-type=\"widget\" data-widget_type=\"heading.default\">\n\t\t\t\t<div class=\"elementor-widget-container\">\n\t\t\t\t\t<h4 class=\"elementor-heading-title elementor-size-default\">Materiales<\/h4>\t\t\t\t<\/div>\n\t\t\t\t<\/div>\n\t\t\t\t<div class=\"elementor-element elementor-element-d85e0be elementor-widget__width-initial elementor-widget elementor-widget-text-editor\" data-id=\"d85e0be\" data-element_type=\"widget\" data-e-type=\"widget\" data-widget_type=\"text-editor.default\">\n\t\t\t\t<div class=\"elementor-widget-container\">\n\t\t\t\t\t\t\t\t\t<p>Hechas de compuestos de goma reforzada que evitan el desgaste y la corrosi\u00f3n. Resistentes a productos qu\u00edmicos y a la abrasi\u00f3n. Con capacidad de soportar ciclos t\u00e9rmicos sin degradarse.<\/p>\t\t\t\t\t\t\t\t<\/div>\n\t\t\t\t<\/div>\n\t\t\t\t<\/div>\n\t\t\t\t<div class=\"elementor-element elementor-element-cb0c722 elementor-widget elementor-widget-image\" data-id=\"cb0c722\" data-element_type=\"widget\" data-e-type=\"widget\" data-widget_type=\"image.default\">\n\t\t\t\t<div class=\"elementor-widget-container\">\n\t\t\t\t\t\t\t\t\t\t\t\t\t\t\t<img decoding=\"async\" width=\"1024\" height=\"859\" src=\"https:\/\/i0.wp.com\/mhw-autoparts.com\/mhw\/wp-content\/uploads\/2025\/02\/Mesa-de-trabajo-6.png?fit=1024%2C859&amp;ssl=1\" class=\"attachment-large size-large wp-image-7597\" alt=\"\" srcset=\"https:\/\/i0.wp.com\/mhw-autoparts.com\/mhw\/wp-content\/uploads\/2025\/02\/Mesa-de-trabajo-6.png?w=2358&amp;ssl=1 2358w, https:\/\/i0.wp.com\/mhw-autoparts.com\/mhw\/wp-content\/uploads\/2025\/02\/Mesa-de-trabajo-6.png?resize=300%2C252&amp;ssl=1 300w, https:\/\/i0.wp.com\/mhw-autoparts.com\/mhw\/wp-content\/uploads\/2025\/02\/Mesa-de-trabajo-6.png?resize=1024%2C859&amp;ssl=1 1024w, https:\/\/i0.wp.com\/mhw-autoparts.com\/mhw\/wp-content\/uploads\/2025\/02\/Mesa-de-trabajo-6.png?resize=768%2C645&amp;ssl=1 768w, https:\/\/i0.wp.com\/mhw-autoparts.com\/mhw\/wp-content\/uploads\/2025\/02\/Mesa-de-trabajo-6.png?resize=1536%2C1289&amp;ssl=1 1536w, https:\/\/i0.wp.com\/mhw-autoparts.com\/mhw\/wp-content\/uploads\/2025\/02\/Mesa-de-trabajo-6.png?resize=2048%2C1719&amp;ssl=1 2048w, https:\/\/i0.wp.com\/mhw-autoparts.com\/mhw\/wp-content\/uploads\/2025\/02\/Mesa-de-trabajo-6.png?resize=1200%2C1007&amp;ssl=1 1200w, https:\/\/i0.wp.com\/mhw-autoparts.com\/mhw\/wp-content\/uploads\/2025\/02\/Mesa-de-trabajo-6.png?resize=1980%2C1662&amp;ssl=1 1980w, https:\/\/i0.wp.com\/mhw-autoparts.com\/mhw\/wp-content\/uploads\/2025\/02\/Mesa-de-trabajo-6.png?resize=600%2C504&amp;ssl=1 600w, https:\/\/i0.wp.com\/mhw-autoparts.com\/mhw\/wp-content\/uploads\/2025\/02\/Mesa-de-trabajo-6.png?w=2280&amp;ssl=1 2280w\" sizes=\"(max-width: 1024px) 100vw, 1024px\" \/>\t\t\t\t\t\t\t\t\t\t\t\t\t\t\t<\/div>\n\t\t\t\t<\/div>\n\t\t\t\t<\/div>\n\t\t<div class=\"elementor-element elementor-element-32f9e9c e-con-full e-flex e-con e-parent\" data-id=\"32f9e9c\" data-element_type=\"container\" data-e-type=\"container\">\n\t\t<div class=\"elementor-element elementor-element-e0ef079 e-con-full e-flex e-con e-parent\" data-id=\"e0ef079\" data-element_type=\"container\" data-e-type=\"container\">\n\t\t\t\t<div class=\"elementor-element elementor-element-2dd7b7f elementor-widget elementor-widget-heading\" data-id=\"2dd7b7f\" data-element_type=\"widget\" data-e-type=\"widget\" data-widget_type=\"heading.default\">\n\t\t\t\t<div class=\"elementor-widget-container\">\n\t\t\t\t\t<h2 class=\"elementor-heading-title elementor-size-default\">Mangueras de GASES<\/h2>\t\t\t\t<\/div>\n\t\t\t\t<\/div>\n\t\t\t\t<div class=\"elementor-element elementor-element-8fb7b88 elementor-widget elementor-widget-text-editor\" data-id=\"8fb7b88\" data-element_type=\"widget\" data-e-type=\"widget\" data-widget_type=\"text-editor.default\">\n\t\t\t\t<div class=\"elementor-widget-container\">\n\t\t\t\t\t\t\t\t\t<p>Utilizadas para transportar gases en sistemas de aire acondicionado y calefacci\u00f3n. Dise\u00f1adas para mantener la presi\u00f3n y evitar fugas.<\/p>\t\t\t\t\t\t\t\t<\/div>\n\t\t\t\t<\/div>\n\t\t\t\t<div class=\"elementor-element elementor-element-44106dc elementor-widget elementor-widget-text-editor\" data-id=\"44106dc\" data-element_type=\"widget\" data-e-type=\"widget\" data-widget_type=\"text-editor.default\">\n\t\t\t\t<div class=\"elementor-widget-container\">\n\t\t\t\t\t\t\t\t\t<p><b>COMPATIBILIDAD<\/b><\/p><p>Distribuimos piezas para una amplia gama de veh\u00edculo<\/p>\t\t\t\t\t\t\t\t<\/div>\n\t\t\t\t<\/div>\n\t\t\t\t<\/div>\n\t\t<div class=\"elementor-element elementor-element-d8a7422 e-con-full e-flex e-con e-parent\" data-id=\"d8a7422\" data-element_type=\"container\" data-e-type=\"container\">\n\t\t\t\t<div class=\"elementor-element elementor-element-1637a91 elementor-widget__width-initial elementor-widget elementor-widget-heading\" data-id=\"1637a91\" data-element_type=\"widget\" data-e-type=\"widget\" data-widget_type=\"heading.default\">\n\t\t\t\t<div class=\"elementor-widget-container\">\n\t\t\t\t\t<h4 class=\"elementor-heading-title elementor-size-default\">Materiales<\/h4>\t\t\t\t<\/div>\n\t\t\t\t<\/div>\n\t\t\t\t<div class=\"elementor-element elementor-element-a67c5cd elementor-widget__width-initial elementor-widget elementor-widget-text-editor\" data-id=\"a67c5cd\" data-element_type=\"widget\" data-e-type=\"widget\" data-widget_type=\"text-editor.default\">\n\t\t\t\t<div class=\"elementor-widget-container\">\n\t\t\t\t\t\t\t\t\t<p>Compuestos de alta calidad que ofrecen resistencia a la presi\u00f3n y a temperaturas variables. Protecci\u00f3n contra la corrosi\u00f3n y la intemperie. Alta durabilidad y resistencia a la abrasi\u00f3n<\/p>\t\t\t\t\t\t\t\t<\/div>\n\t\t\t\t<\/div>\n\t\t\t\t<\/div>\n\t\t\t\t<\/div>\n\t\t<div class=\"elementor-element elementor-element-d009cbc e-con-full e-flex e-con e-parent\" data-id=\"d009cbc\" data-element_type=\"container\" data-e-type=\"container\">\n\t\t\t\t<div class=\"elementor-element elementor-element-64d3224 elementor-widget__width-initial elementor-widget elementor-widget-image\" data-id=\"64d3224\" data-element_type=\"widget\" data-e-type=\"widget\" data-widget_type=\"image.default\">\n\t\t\t\t<div class=\"elementor-widget-container\">\n\t\t\t\t\t\t\t\t\t\t\t\t\t\t\t<img loading=\"lazy\" decoding=\"async\" width=\"1024\" height=\"1024\" src=\"https:\/\/i0.wp.com\/mhw-autoparts.com\/mhw\/wp-content\/uploads\/2025\/02\/96536532.png?fit=1024%2C1024&amp;ssl=1\" class=\"attachment-large size-large wp-image-7601\" alt=\"\" srcset=\"https:\/\/i0.wp.com\/mhw-autoparts.com\/mhw\/wp-content\/uploads\/2025\/02\/96536532.png?w=2160&amp;ssl=1 2160w, https:\/\/i0.wp.com\/mhw-autoparts.com\/mhw\/wp-content\/uploads\/2025\/02\/96536532.png?resize=300%2C300&amp;ssl=1 300w, https:\/\/i0.wp.com\/mhw-autoparts.com\/mhw\/wp-content\/uploads\/2025\/02\/96536532.png?resize=1024%2C1024&amp;ssl=1 1024w, https:\/\/i0.wp.com\/mhw-autoparts.com\/mhw\/wp-content\/uploads\/2025\/02\/96536532.png?resize=150%2C150&amp;ssl=1 150w, https:\/\/i0.wp.com\/mhw-autoparts.com\/mhw\/wp-content\/uploads\/2025\/02\/96536532.png?resize=768%2C768&amp;ssl=1 768w, https:\/\/i0.wp.com\/mhw-autoparts.com\/mhw\/wp-content\/uploads\/2025\/02\/96536532.png?resize=1536%2C1536&amp;ssl=1 1536w, https:\/\/i0.wp.com\/mhw-autoparts.com\/mhw\/wp-content\/uploads\/2025\/02\/96536532.png?resize=2048%2C2048&amp;ssl=1 2048w, https:\/\/i0.wp.com\/mhw-autoparts.com\/mhw\/wp-content\/uploads\/2025\/02\/96536532.png?resize=250%2C250&amp;ssl=1 250w, https:\/\/i0.wp.com\/mhw-autoparts.com\/mhw\/wp-content\/uploads\/2025\/02\/96536532.png?resize=1200%2C1200&amp;ssl=1 1200w, https:\/\/i0.wp.com\/mhw-autoparts.com\/mhw\/wp-content\/uploads\/2025\/02\/96536532.png?resize=1980%2C1980&amp;ssl=1 1980w, https:\/\/i0.wp.com\/mhw-autoparts.com\/mhw\/wp-content\/uploads\/2025\/02\/96536532.png?resize=450%2C450&amp;ssl=1 450w, https:\/\/i0.wp.com\/mhw-autoparts.com\/mhw\/wp-content\/uploads\/2025\/02\/96536532.png?resize=600%2C600&amp;ssl=1 600w, https:\/\/i0.wp.com\/mhw-autoparts.com\/mhw\/wp-content\/uploads\/2025\/02\/96536532.png?resize=100%2C100&amp;ssl=1 100w\" sizes=\"(max-width: 1024px) 100vw, 1024px\" \/>\t\t\t\t\t\t\t\t\t\t\t\t\t\t\t<\/div>\n\t\t\t\t<\/div>\n\t\t<div class=\"elementor-element elementor-element-92606e4 e-con-full e-flex e-con e-parent\" data-id=\"92606e4\" data-element_type=\"container\" data-e-type=\"container\">\n\t\t\t\t<div class=\"elementor-element elementor-element-b248fc8 elementor-widget__width-initial elementor-widget elementor-widget-heading\" data-id=\"b248fc8\" data-element_type=\"widget\" data-e-type=\"widget\" data-widget_type=\"heading.default\">\n\t\t\t\t<div class=\"elementor-widget-container\">\n\t\t\t\t\t<h2 class=\"elementor-heading-title elementor-size-default\">DUCTOS DE AIRE<\/h2>\t\t\t\t<\/div>\n\t\t\t\t<\/div>\n\t\t\t\t<div class=\"elementor-element elementor-element-3f18f43 elementor-widget elementor-widget-text-editor\" data-id=\"3f18f43\" data-element_type=\"widget\" data-e-type=\"widget\" data-widget_type=\"text-editor.default\">\n\t\t\t\t<div class=\"elementor-widget-container\">\n\t\t\t\t\t\t\t\t\t<p>Los ductos de aire de MHW est\u00e1n dise\u00f1ados para sistemas de admisi\u00f3n de aire y ventilaci\u00f3n en veh\u00edculos.<\/p>\t\t\t\t\t\t\t\t<\/div>\n\t\t\t\t<\/div>\n\t\t\t\t<div class=\"elementor-element elementor-element-54d569b elementor-widget elementor-widget-text-editor\" data-id=\"54d569b\" data-element_type=\"widget\" data-e-type=\"widget\" data-widget_type=\"text-editor.default\">\n\t\t\t\t<div class=\"elementor-widget-container\">\n\t\t\t\t\t\t\t\t\t<p><b>COMPATIBILIDAD<\/b><\/p><p>Distribuimos piezas para una amplia gama de veh\u00edculo<\/p>\t\t\t\t\t\t\t\t<\/div>\n\t\t\t\t<\/div>\n\t\t\t\t<\/div>\n\t\t<div class=\"elementor-element elementor-element-015215a e-con-full e-flex e-con e-parent\" data-id=\"015215a\" data-element_type=\"container\" data-e-type=\"container\">\n\t\t\t\t<div class=\"elementor-element elementor-element-bc89a14 elementor-widget__width-initial elementor-widget elementor-widget-heading\" data-id=\"bc89a14\" data-element_type=\"widget\" data-e-type=\"widget\" data-widget_type=\"heading.default\">\n\t\t\t\t<div class=\"elementor-widget-container\">\n\t\t\t\t\t<h4 class=\"elementor-heading-title elementor-size-default\">Materiales<\/h4>\t\t\t\t<\/div>\n\t\t\t\t<\/div>\n\t\t\t\t<div class=\"elementor-element elementor-element-c16034f elementor-widget__width-initial elementor-widget elementor-widget-text-editor\" data-id=\"c16034f\" data-element_type=\"widget\" data-e-type=\"widget\" data-widget_type=\"text-editor.default\">\n\t\t\t\t<div class=\"elementor-widget-container\">\n\t\t\t\t\t\t\t\t\t<p>Fabricados con compuestos de goma y pl\u00e1sticos de alta calidad, que garantizan durabilidad y resistencia a condiciones extremas. Resistentes a altas temperaturas y a la abrasi\u00f3n, lo que prolonga su vida \u00fatil.<\/p>\t\t\t\t\t\t\t\t<\/div>\n\t\t\t\t<\/div>\n\t\t\t\t<\/div>\n\t\t\t\t<\/div>\n\t\t<div class=\"elementor-element elementor-element-89a97ee e-flex e-con-boxed e-con e-parent\" data-id=\"89a97ee\" data-element_type=\"container\" data-e-type=\"container\" data-settings=\"{&quot;background_background&quot;:&quot;classic&quot;}\">\n\t\t\t\t\t<div class=\"e-con-inner\">\n\t\t<div class=\"elementor-element elementor-element-3319910 e-con-full e-flex e-con e-parent\" data-id=\"3319910\" data-element_type=\"container\" data-e-type=\"container\">\n\t\t\t\t<div class=\"elementor-element elementor-element-21172d3 elementor-widget__width-initial elementor-widget elementor-widget-image\" data-id=\"21172d3\" data-element_type=\"widget\" data-e-type=\"widget\" data-widget_type=\"image.default\">\n\t\t\t\t<div class=\"elementor-widget-container\">\n\t\t\t\t\t\t\t\t\t\t\t\t\t\t\t<img loading=\"lazy\" decoding=\"async\" width=\"1024\" height=\"1024\" src=\"https:\/\/i0.wp.com\/mhw-autoparts.com\/mhw\/wp-content\/uploads\/2025\/02\/HGFDS.png?fit=1024%2C1024&amp;ssl=1\" class=\"attachment-large size-large wp-image-7603\" alt=\"\" srcset=\"https:\/\/i0.wp.com\/mhw-autoparts.com\/mhw\/wp-content\/uploads\/2025\/02\/HGFDS.png?w=1080&amp;ssl=1 1080w, https:\/\/i0.wp.com\/mhw-autoparts.com\/mhw\/wp-content\/uploads\/2025\/02\/HGFDS.png?resize=300%2C300&amp;ssl=1 300w, https:\/\/i0.wp.com\/mhw-autoparts.com\/mhw\/wp-content\/uploads\/2025\/02\/HGFDS.png?resize=1024%2C1024&amp;ssl=1 1024w, https:\/\/i0.wp.com\/mhw-autoparts.com\/mhw\/wp-content\/uploads\/2025\/02\/HGFDS.png?resize=150%2C150&amp;ssl=1 150w, https:\/\/i0.wp.com\/mhw-autoparts.com\/mhw\/wp-content\/uploads\/2025\/02\/HGFDS.png?resize=768%2C768&amp;ssl=1 768w, https:\/\/i0.wp.com\/mhw-autoparts.com\/mhw\/wp-content\/uploads\/2025\/02\/HGFDS.png?resize=250%2C250&amp;ssl=1 250w, https:\/\/i0.wp.com\/mhw-autoparts.com\/mhw\/wp-content\/uploads\/2025\/02\/HGFDS.png?resize=450%2C450&amp;ssl=1 450w, https:\/\/i0.wp.com\/mhw-autoparts.com\/mhw\/wp-content\/uploads\/2025\/02\/HGFDS.png?resize=600%2C600&amp;ssl=1 600w, https:\/\/i0.wp.com\/mhw-autoparts.com\/mhw\/wp-content\/uploads\/2025\/02\/HGFDS.png?resize=100%2C100&amp;ssl=1 100w\" sizes=\"(max-width: 1024px) 100vw, 1024px\" \/>\t\t\t\t\t\t\t\t\t\t\t\t\t\t\t<\/div>\n\t\t\t\t<\/div>\n\t\t\t\t<\/div>\n\t\t<div class=\"elementor-element elementor-element-f6bfd1c e-con-full e-flex e-con e-parent\" data-id=\"f6bfd1c\" data-element_type=\"container\" data-e-type=\"container\">\n\t\t\t\t<div class=\"elementor-element elementor-element-047693a elementor-widget elementor-widget-heading\" data-id=\"047693a\" data-element_type=\"widget\" data-e-type=\"widget\" data-widget_type=\"heading.default\">\n\t\t\t\t<div class=\"elementor-widget-container\">\n\t\t\t\t\t<h2 class=\"elementor-heading-title elementor-size-default\">Encuentra en MHW<\/h2>\t\t\t\t<\/div>\n\t\t\t\t<\/div>\n\t\t\t\t<div class=\"elementor-element elementor-element-00f70be elementor-widget elementor-widget-text-editor\" data-id=\"00f70be\" data-element_type=\"widget\" data-e-type=\"widget\" data-widget_type=\"text-editor.default\">\n\t\t\t\t<div class=\"elementor-widget-container\">\n\t\t\t\t\t\t\t\t\t<p>Mangueras y ductos con calidad OE.<\/p>\t\t\t\t\t\t\t\t<\/div>\n\t\t\t\t<\/div>\n\t\t\t\t<div class=\"elementor-element elementor-element-f2e0cfe elementor-mobile-align-left elementor-widget elementor-widget-button\" data-id=\"f2e0cfe\" data-element_type=\"widget\" data-e-type=\"widget\" data-widget_type=\"button.default\">\n\t\t\t\t<div class=\"elementor-widget-container\">\n\t\t\t\t\t\t\t\t\t<div class=\"elementor-button-wrapper\">\n\t\t\t\t\t<a class=\"elementor-button elementor-button-link elementor-size-xl\" href=\"https:\/\/api.whatsapp.com\/send?phone=584124005205&#038;text=%C2%A1Hola!,%20Me%20interesa%20los%20Cables%20de%20buj%C3%ADas%20MHW,%20%C2%BFpodr%C3%ADa%20suministrarme%20la%20lista%20de%20precios,%20por%20favor?\" target=\"_blank\">\n\t\t\t\t\t\t<span class=\"elementor-button-content-wrapper\">\n\t\t\t\t\t\t\t\t\t<span class=\"elementor-button-text\">SOLICITAR PRECIOS<\/span>\n\t\t\t\t\t<\/span>\n\t\t\t\t\t<\/a>\n\t\t\t\t<\/div>\n\t\t\t\t\t\t\t\t<\/div>\n\t\t\t\t<\/div>\n\t\t\t\t<\/div>\n\t\t\t\t\t<\/div>\n\t\t\t\t<\/div>\n\t\t\t\t<\/div>\n\t\t","protected":false},"excerpt":{"rendered":"<p>MANGUERAS Y DUCTOS MHW ofrece una variedad de reservorios para&nbsp;aplicaciones automotrices. SOLICITAR PRECIOS MHW se ha posicionado en el mercado automotriz por la distribuci\u00f3n de sus productos, incluyendo mangueras y [&hellip;]<\/p>\n","protected":false},"author":1,"featured_media":0,"parent":0,"menu_order":0,"comment_status":"closed","ping_status":"closed","template":"","meta":{"footnotes":""},"class_list":["post-5478","page","type-page","status-publish","hentry"],"jetpack_sharing_enabled":true,"_links":{"self":[{"href":"https:\/\/mhw-autoparts.com\/mhw\/wp-json\/wp\/v2\/pages\/5478","targetHints":{"allow":["GET"]}}],"collection":[{"href":"https:\/\/mhw-autoparts.com\/mhw\/wp-json\/wp\/v2\/pages"}],"about":[{"href":"https:\/\/mhw-autoparts.com\/mhw\/wp-json\/wp\/v2\/types\/page"}],"author":[{"embeddable":true,"href":"https:\/\/mhw-autoparts.com\/mhw\/wp-json\/wp\/v2\/users\/1"}],"replies":[{"embeddable":true,"href":"https:\/\/mhw-autoparts.com\/mhw\/wp-json\/wp\/v2\/comments?post=5478"}],"version-history":[{"count":4,"href":"https:\/\/mhw-autoparts.com\/mhw\/wp-json\/wp\/v2\/pages\/5478\/revisions"}],"predecessor-version":[{"id":7615,"href":"https:\/\/mhw-autoparts.com\/mhw\/wp-json\/wp\/v2\/pages\/5478\/revisions\/7615"}],"wp:attachment":[{"href":"https:\/\/mhw-autoparts.com\/mhw\/wp-json\/wp\/v2\/media?parent=5478"}],"curies":[{"name":"wp","href":"https:\/\/api.w.org\/{rel}","templated":true}]}}