{"id":7746,"date":"2025-02-24T20:02:54","date_gmt":"2025-02-24T20:02:54","guid":{"rendered":"https:\/\/mhw-autoparts.com\/mhw\/?page_id=7746"},"modified":"2025-02-24T20:14:31","modified_gmt":"2025-02-24T20:14:31","slug":"kit-de-empacadura","status":"publish","type":"page","link":"https:\/\/mhw-autoparts.com\/mhw\/kit-de-empacadura\/","title":{"rendered":"KIT DE EMPACADURA"},"content":{"rendered":"\t\t<div data-elementor-type=\"wp-page\" data-elementor-id=\"7746\" class=\"elementor elementor-7746\" data-elementor-post-type=\"page\">\n\t\t\t\t<div class=\"elementor-element elementor-element-7cca523 e-flex e-con-boxed e-con e-parent\" data-id=\"7cca523\" data-element_type=\"container\" data-e-type=\"container\">\n\t\t\t\t\t<div class=\"e-con-inner\">\n\t\t<div class=\"elementor-element elementor-element-7679c6f e-con-full e-flex e-con e-parent\" data-id=\"7679c6f\" data-element_type=\"container\" data-e-type=\"container\">\n\t\t\t\t<div class=\"elementor-element elementor-element-7bc7c2e elementor-widget__width-initial elementor-widget elementor-widget-heading\" data-id=\"7bc7c2e\" data-element_type=\"widget\" data-e-type=\"widget\" data-widget_type=\"heading.default\">\n\t\t\t\t<div class=\"elementor-widget-container\">\n\t\t\t\t\t<h2 class=\"elementor-heading-title elementor-size-default\">EMPACADURAS<\/h2>\t\t\t\t<\/div>\n\t\t\t\t<\/div>\n\t\t\t\t<div class=\"elementor-element elementor-element-9406993 elementor-widget elementor-widget-heading\" data-id=\"9406993\" data-element_type=\"widget\" data-e-type=\"widget\" data-widget_type=\"heading.default\">\n\t\t\t\t<div class=\"elementor-widget-container\">\n\t\t\t\t\t<h2 class=\"elementor-heading-title elementor-size-default\">C\u00e1mara\/carter<\/h2>\t\t\t\t<\/div>\n\t\t\t\t<\/div>\n\t\t\t\t<div class=\"elementor-element elementor-element-b601b2b elementor-widget elementor-widget-button\" data-id=\"b601b2b\" data-element_type=\"widget\" data-e-type=\"widget\" data-widget_type=\"button.default\">\n\t\t\t\t<div class=\"elementor-widget-container\">\n\t\t\t\t\t\t\t\t\t<div class=\"elementor-button-wrapper\">\n\t\t\t\t\t<a class=\"elementor-button elementor-button-link elementor-size-xl\" href=\"\" target=\"_blank\" https=\"\">\n\t\t\t\t\t\t<span class=\"elementor-button-content-wrapper\">\n\t\t\t\t\t\t\t\t\t<span class=\"elementor-button-text\">SOLICITAR PRECIOS<\/span>\n\t\t\t\t\t<\/span>\n\t\t\t\t\t<\/a>\n\t\t\t\t<\/div>\n\t\t\t\t\t\t\t\t<\/div>\n\t\t\t\t<\/div>\n\t\t\t\t<\/div>\n\t\t<div class=\"elementor-element elementor-element-2242a20 e-con-full e-flex e-con e-parent\" data-id=\"2242a20\" data-element_type=\"container\" data-e-type=\"container\">\n\t\t\t\t<div class=\"elementor-element elementor-element-bb59ae5 elementor-widget__width-initial elementor-widget elementor-widget-image\" data-id=\"bb59ae5\" data-element_type=\"widget\" data-e-type=\"widget\" data-widget_type=\"image.default\">\n\t\t\t\t<div class=\"elementor-widget-container\">\n\t\t\t\t\t\t\t\t\t\t\t\t\t\t\t<img fetchpriority=\"high\" decoding=\"async\" width=\"1024\" height=\"787\" src=\"https:\/\/i0.wp.com\/mhw-autoparts.com\/mhw\/wp-content\/uploads\/2025\/02\/rgbhset6h4eth.png?fit=1024%2C787&amp;ssl=1\" class=\"attachment-large size-large wp-image-7748\" alt=\"\" srcset=\"https:\/\/i0.wp.com\/mhw-autoparts.com\/mhw\/wp-content\/uploads\/2025\/02\/rgbhset6h4eth.png?w=1025&amp;ssl=1 1025w, https:\/\/i0.wp.com\/mhw-autoparts.com\/mhw\/wp-content\/uploads\/2025\/02\/rgbhset6h4eth.png?resize=300%2C231&amp;ssl=1 300w, https:\/\/i0.wp.com\/mhw-autoparts.com\/mhw\/wp-content\/uploads\/2025\/02\/rgbhset6h4eth.png?resize=768%2C590&amp;ssl=1 768w, https:\/\/i0.wp.com\/mhw-autoparts.com\/mhw\/wp-content\/uploads\/2025\/02\/rgbhset6h4eth.png?resize=600%2C461&amp;ssl=1 600w\" sizes=\"(max-width: 1024px) 100vw, 1024px\" \/>\t\t\t\t\t\t\t\t\t\t\t\t\t\t\t<\/div>\n\t\t\t\t<\/div>\n\t\t\t\t<\/div>\n\t\t\t\t\t<\/div>\n\t\t\t\t<\/div>\n\t\t<div class=\"elementor-element elementor-element-36dccf0 e-flex e-con-boxed e-con e-parent\" data-id=\"36dccf0\" data-element_type=\"container\" data-e-type=\"container\">\n\t\t\t\t\t<div class=\"e-con-inner\">\n\t\t\t\t<div class=\"elementor-element elementor-element-4f0f33f elementor-widget elementor-widget-text-editor\" data-id=\"4f0f33f\" data-element_type=\"widget\" data-e-type=\"widget\" data-widget_type=\"text-editor.default\">\n\t\t\t\t<div class=\"elementor-widget-container\">\n\t\t\t\t\t\t\t\t\t<p><b>MHW <\/b>distribuye empacaduras de C\u00e1mara y Carter, estos son componentes esenciales en los motores de combusti\u00f3n interna,ya que ayudan a sellar las uniones entre diferentes partes del motor y <b>previenen fugas de<\/b> aceite y otros fluidos.<\/p>\t\t\t\t\t\t\t\t<\/div>\n\t\t\t\t<\/div>\n\t\t\t\t\t<\/div>\n\t\t\t\t<\/div>\n\t\t<div class=\"elementor-element elementor-element-8428bef e-con-full e-flex e-con e-parent\" data-id=\"8428bef\" data-element_type=\"container\" data-e-type=\"container\">\n\t\t\t\t<div class=\"elementor-element elementor-element-c6aae86 elementor-widget-divider--view-line elementor-widget elementor-widget-divider\" data-id=\"c6aae86\" data-element_type=\"widget\" data-e-type=\"widget\" data-widget_type=\"divider.default\">\n\t\t\t\t<div class=\"elementor-widget-container\">\n\t\t\t\t\t\t\t<div class=\"elementor-divider\">\n\t\t\t<span class=\"elementor-divider-separator\">\n\t\t\t\t\t\t<\/span>\n\t\t<\/div>\n\t\t\t\t\t\t<\/div>\n\t\t\t\t<\/div>\n\t\t\t\t<\/div>\n\t\t<div class=\"elementor-element elementor-element-2a2abe5 e-flex e-con-boxed e-con e-parent\" data-id=\"2a2abe5\" data-element_type=\"container\" data-e-type=\"container\">\n\t\t\t\t\t<div class=\"e-con-inner\">\n\t\t<div class=\"elementor-element elementor-element-a9dc508 e-con-full e-flex e-con e-parent\" data-id=\"a9dc508\" data-element_type=\"container\" data-e-type=\"container\">\n\t\t\t\t<div class=\"elementor-element elementor-element-b3667b7 elementor-widget elementor-widget-image\" data-id=\"b3667b7\" data-element_type=\"widget\" data-e-type=\"widget\" data-widget_type=\"image.default\">\n\t\t\t\t<div class=\"elementor-widget-container\">\n\t\t\t\t\t\t\t\t\t\t\t\t\t\t\t<img decoding=\"async\" width=\"1024\" height=\"997\" src=\"https:\/\/i0.wp.com\/mhw-autoparts.com\/mhw\/wp-content\/uploads\/2025\/02\/Mesa-de-trabajo-2.png?fit=1024%2C997&amp;ssl=1\" class=\"attachment-large size-large wp-image-7546\" alt=\"\" srcset=\"https:\/\/i0.wp.com\/mhw-autoparts.com\/mhw\/wp-content\/uploads\/2025\/02\/Mesa-de-trabajo-2.png?w=1384&amp;ssl=1 1384w, https:\/\/i0.wp.com\/mhw-autoparts.com\/mhw\/wp-content\/uploads\/2025\/02\/Mesa-de-trabajo-2.png?resize=300%2C292&amp;ssl=1 300w, https:\/\/i0.wp.com\/mhw-autoparts.com\/mhw\/wp-content\/uploads\/2025\/02\/Mesa-de-trabajo-2.png?resize=1024%2C997&amp;ssl=1 1024w, https:\/\/i0.wp.com\/mhw-autoparts.com\/mhw\/wp-content\/uploads\/2025\/02\/Mesa-de-trabajo-2.png?resize=768%2C748&amp;ssl=1 768w, https:\/\/i0.wp.com\/mhw-autoparts.com\/mhw\/wp-content\/uploads\/2025\/02\/Mesa-de-trabajo-2.png?resize=1200%2C1169&amp;ssl=1 1200w, https:\/\/i0.wp.com\/mhw-autoparts.com\/mhw\/wp-content\/uploads\/2025\/02\/Mesa-de-trabajo-2.png?resize=600%2C584&amp;ssl=1 600w\" sizes=\"(max-width: 1024px) 100vw, 1024px\" \/>\t\t\t\t\t\t\t\t\t\t\t\t\t\t\t<\/div>\n\t\t\t\t<\/div>\n\t\t\t\t<\/div>\n\t\t<div class=\"elementor-element elementor-element-abe5b45 e-con-full e-flex e-con e-parent\" data-id=\"abe5b45\" data-element_type=\"container\" data-e-type=\"container\">\n\t\t\t\t<div class=\"elementor-element elementor-element-2cab5de elementor-widget elementor-widget-heading\" data-id=\"2cab5de\" data-element_type=\"widget\" data-e-type=\"widget\" data-widget_type=\"heading.default\">\n\t\t\t\t<div class=\"elementor-widget-container\">\n\t\t\t\t\t<h2 class=\"elementor-heading-title elementor-size-default\">LAS EMPACADURAS DE AMIANTO <\/h2>\t\t\t\t<\/div>\n\t\t\t\t<\/div>\n\t\t\t\t<div class=\"elementor-element elementor-element-92a253c elementor-widget elementor-widget-text-editor\" data-id=\"92a253c\" data-element_type=\"widget\" data-e-type=\"widget\" data-widget_type=\"text-editor.default\">\n\t\t\t\t<div class=\"elementor-widget-container\">\n\t\t\t\t\t\t\t\t\t<p>est\u00e1n compuestas principalmente de fibras de amianto mezcladas con resinas y compuestos de fibra. Ofreciendo buena resistencia al calor y a la presi\u00f3n, lo que las hace efectivas para sellar la c\u00e1mara de combusti\u00f3n<\/p>\t\t\t\t\t\t\t\t<\/div>\n\t\t\t\t<\/div>\n\t\t\t\t<\/div>\n\t\t<div class=\"elementor-element elementor-element-62f470c e-con-full e-flex e-con e-parent\" data-id=\"62f470c\" data-element_type=\"container\" data-e-type=\"container\">\n\t\t\t\t<div class=\"elementor-element elementor-element-b844f67 elementor-widget__width-initial elementor-widget elementor-widget-image\" data-id=\"b844f67\" data-element_type=\"widget\" data-e-type=\"widget\" data-widget_type=\"image.default\">\n\t\t\t\t<div class=\"elementor-widget-container\">\n\t\t\t\t\t\t\t\t\t\t\t\t\t\t\t<img decoding=\"async\" width=\"780\" height=\"488\" src=\"https:\/\/i0.wp.com\/mhw-autoparts.com\/mhw\/wp-content\/uploads\/2025\/02\/dfdt65d8r6.png?fit=780%2C488&amp;ssl=1\" class=\"attachment-large size-large wp-image-7750\" alt=\"\" srcset=\"https:\/\/i0.wp.com\/mhw-autoparts.com\/mhw\/wp-content\/uploads\/2025\/02\/dfdt65d8r6.png?w=780&amp;ssl=1 780w, https:\/\/i0.wp.com\/mhw-autoparts.com\/mhw\/wp-content\/uploads\/2025\/02\/dfdt65d8r6.png?resize=300%2C188&amp;ssl=1 300w, https:\/\/i0.wp.com\/mhw-autoparts.com\/mhw\/wp-content\/uploads\/2025\/02\/dfdt65d8r6.png?resize=768%2C480&amp;ssl=1 768w, https:\/\/i0.wp.com\/mhw-autoparts.com\/mhw\/wp-content\/uploads\/2025\/02\/dfdt65d8r6.png?resize=600%2C375&amp;ssl=1 600w\" sizes=\"(max-width: 780px) 100vw, 780px\" \/>\t\t\t\t\t\t\t\t\t\t\t\t\t\t\t<\/div>\n\t\t\t\t<\/div>\n\t\t\t\t<\/div>\n\t\t\t\t\t<\/div>\n\t\t\t\t<\/div>\n\t\t<div class=\"elementor-element elementor-element-1c313d0 e-flex e-con-boxed e-con e-parent\" data-id=\"1c313d0\" data-element_type=\"container\" data-e-type=\"container\">\n\t\t\t\t\t<div class=\"e-con-inner\">\n\t\t\t\t<div class=\"elementor-element elementor-element-456c621 elementor-widget elementor-widget-image\" data-id=\"456c621\" data-element_type=\"widget\" data-e-type=\"widget\" data-widget_type=\"image.default\">\n\t\t\t\t<div class=\"elementor-widget-container\">\n\t\t\t\t\t\t\t\t\t\t\t\t\t\t\t<img loading=\"lazy\" decoding=\"async\" width=\"780\" height=\"488\" src=\"https:\/\/i0.wp.com\/mhw-autoparts.com\/mhw\/wp-content\/uploads\/2025\/02\/hgfds-1.png?fit=780%2C488&amp;ssl=1\" class=\"attachment-large size-large wp-image-7749\" alt=\"\" srcset=\"https:\/\/i0.wp.com\/mhw-autoparts.com\/mhw\/wp-content\/uploads\/2025\/02\/hgfds-1.png?w=780&amp;ssl=1 780w, https:\/\/i0.wp.com\/mhw-autoparts.com\/mhw\/wp-content\/uploads\/2025\/02\/hgfds-1.png?resize=300%2C188&amp;ssl=1 300w, https:\/\/i0.wp.com\/mhw-autoparts.com\/mhw\/wp-content\/uploads\/2025\/02\/hgfds-1.png?resize=768%2C480&amp;ssl=1 768w, https:\/\/i0.wp.com\/mhw-autoparts.com\/mhw\/wp-content\/uploads\/2025\/02\/hgfds-1.png?resize=600%2C375&amp;ssl=1 600w\" sizes=\"(max-width: 780px) 100vw, 780px\" \/>\t\t\t\t\t\t\t\t\t\t\t\t\t\t\t<\/div>\n\t\t\t\t<\/div>\n\t\t\t\t\t<\/div>\n\t\t\t\t<\/div>\n\t\t<div class=\"elementor-element elementor-element-2e042cc e-flex e-con-boxed e-con e-parent\" data-id=\"2e042cc\" data-element_type=\"container\" data-e-type=\"container\">\n\t\t\t\t\t<div class=\"e-con-inner\">\n\t\t<div class=\"elementor-element elementor-element-ed7f020 e-con-full e-flex e-con e-parent\" data-id=\"ed7f020\" data-element_type=\"container\" data-e-type=\"container\">\n\t\t\t\t<div class=\"elementor-element elementor-element-af813e7 elementor-widget elementor-widget-image\" data-id=\"af813e7\" data-element_type=\"widget\" data-e-type=\"widget\" data-widget_type=\"image.default\">\n\t\t\t\t<div class=\"elementor-widget-container\">\n\t\t\t\t\t\t\t\t\t\t\t\t\t\t\t<img loading=\"lazy\" decoding=\"async\" width=\"780\" height=\"320\" src=\"https:\/\/i0.wp.com\/mhw-autoparts.com\/mhw\/wp-content\/uploads\/2025\/02\/564.png?fit=780%2C320&amp;ssl=1\" class=\"attachment-large size-large wp-image-7751\" alt=\"\" srcset=\"https:\/\/i0.wp.com\/mhw-autoparts.com\/mhw\/wp-content\/uploads\/2025\/02\/564.png?w=780&amp;ssl=1 780w, https:\/\/i0.wp.com\/mhw-autoparts.com\/mhw\/wp-content\/uploads\/2025\/02\/564.png?resize=300%2C123&amp;ssl=1 300w, https:\/\/i0.wp.com\/mhw-autoparts.com\/mhw\/wp-content\/uploads\/2025\/02\/564.png?resize=768%2C315&amp;ssl=1 768w, https:\/\/i0.wp.com\/mhw-autoparts.com\/mhw\/wp-content\/uploads\/2025\/02\/564.png?resize=600%2C246&amp;ssl=1 600w\" sizes=\"(max-width: 780px) 100vw, 780px\" \/>\t\t\t\t\t\t\t\t\t\t\t\t\t\t\t<\/div>\n\t\t\t\t<\/div>\n\t\t\t\t<\/div>\n\t\t<div class=\"elementor-element elementor-element-254b0b4 e-con-full e-flex e-con e-parent\" data-id=\"254b0b4\" data-element_type=\"container\" data-e-type=\"container\">\n\t\t\t\t<div class=\"elementor-element elementor-element-04c942d elementor-widget elementor-widget-heading\" data-id=\"04c942d\" data-element_type=\"widget\" data-e-type=\"widget\" data-widget_type=\"heading.default\">\n\t\t\t\t<div class=\"elementor-widget-container\">\n\t\t\t\t\t<h2 class=\"elementor-heading-title elementor-size-default\">LAS EMPACADURAS DE METAL<\/h2>\t\t\t\t<\/div>\n\t\t\t\t<\/div>\n\t\t\t\t<div class=\"elementor-element elementor-element-530a95e elementor-widget elementor-widget-text-editor\" data-id=\"530a95e\" data-element_type=\"widget\" data-e-type=\"widget\" data-widget_type=\"text-editor.default\">\n\t\t\t\t<div class=\"elementor-widget-container\">\n\t\t\t\t\t\t\t\t\t<p>Ofrecen excelente resistencia a altas temperaturas y presiones, lo que las hace ideales para motores de alto rendimiento. Tienen una larga vida \u00fatil y son menos propensas a fugas debido a su robustez. Resisten mejor el desgaste y las condiciones extremas del motor.<\/p>\t\t\t\t\t\t\t\t<\/div>\n\t\t\t\t<\/div>\n\t\t\t\t<\/div>\n\t\t<div class=\"elementor-element elementor-element-8b3f270 e-con-full e-flex e-con e-parent\" data-id=\"8b3f270\" data-element_type=\"container\" data-e-type=\"container\">\n\t\t\t\t<div class=\"elementor-element elementor-element-5eb807b elementor-widget elementor-widget-image\" data-id=\"5eb807b\" data-element_type=\"widget\" data-e-type=\"widget\" data-widget_type=\"image.default\">\n\t\t\t\t<div class=\"elementor-widget-container\">\n\t\t\t\t\t\t\t\t\t\t\t\t\t\t\t<img loading=\"lazy\" decoding=\"async\" width=\"1024\" height=\"997\" src=\"https:\/\/i0.wp.com\/mhw-autoparts.com\/mhw\/wp-content\/uploads\/2025\/02\/Mesa-de-trabajo-3-2.png?fit=1024%2C997&amp;ssl=1\" class=\"attachment-large size-large wp-image-7547\" alt=\"\" srcset=\"https:\/\/i0.wp.com\/mhw-autoparts.com\/mhw\/wp-content\/uploads\/2025\/02\/Mesa-de-trabajo-3-2.png?w=1384&amp;ssl=1 1384w, https:\/\/i0.wp.com\/mhw-autoparts.com\/mhw\/wp-content\/uploads\/2025\/02\/Mesa-de-trabajo-3-2.png?resize=300%2C292&amp;ssl=1 300w, https:\/\/i0.wp.com\/mhw-autoparts.com\/mhw\/wp-content\/uploads\/2025\/02\/Mesa-de-trabajo-3-2.png?resize=1024%2C997&amp;ssl=1 1024w, https:\/\/i0.wp.com\/mhw-autoparts.com\/mhw\/wp-content\/uploads\/2025\/02\/Mesa-de-trabajo-3-2.png?resize=768%2C748&amp;ssl=1 768w, https:\/\/i0.wp.com\/mhw-autoparts.com\/mhw\/wp-content\/uploads\/2025\/02\/Mesa-de-trabajo-3-2.png?resize=1200%2C1169&amp;ssl=1 1200w, https:\/\/i0.wp.com\/mhw-autoparts.com\/mhw\/wp-content\/uploads\/2025\/02\/Mesa-de-trabajo-3-2.png?resize=600%2C584&amp;ssl=1 600w\" sizes=\"(max-width: 1024px) 100vw, 1024px\" \/>\t\t\t\t\t\t\t\t\t\t\t\t\t\t\t<\/div>\n\t\t\t\t<\/div>\n\t\t\t\t<\/div>\n\t\t\t\t\t<\/div>\n\t\t\t\t<\/div>\n\t\t<div class=\"elementor-element elementor-element-e27cf7c e-flex e-con-boxed e-con e-parent\" data-id=\"e27cf7c\" data-element_type=\"container\" data-e-type=\"container\" data-settings=\"{&quot;background_background&quot;:&quot;classic&quot;}\">\n\t\t\t\t\t<div class=\"e-con-inner\">\n\t\t<div class=\"elementor-element elementor-element-d1c8e60 e-con-full e-flex e-con e-parent\" data-id=\"d1c8e60\" data-element_type=\"container\" data-e-type=\"container\">\n\t\t\t\t<div class=\"elementor-element elementor-element-54456cc elementor-widget__width-initial elementor-widget elementor-widget-image\" data-id=\"54456cc\" data-element_type=\"widget\" data-e-type=\"widget\" data-widget_type=\"image.default\">\n\t\t\t\t<div class=\"elementor-widget-container\">\n\t\t\t\t\t\t\t\t\t\t\t\t\t\t\t<img loading=\"lazy\" decoding=\"async\" width=\"753\" height=\"1024\" src=\"https:\/\/i0.wp.com\/mhw-autoparts.com\/mhw\/wp-content\/uploads\/2025\/02\/541641.png?fit=753%2C1024&amp;ssl=1\" class=\"attachment-large size-large wp-image-7752\" alt=\"\" srcset=\"https:\/\/i0.wp.com\/mhw-autoparts.com\/mhw\/wp-content\/uploads\/2025\/02\/541641.png?w=785&amp;ssl=1 785w, https:\/\/i0.wp.com\/mhw-autoparts.com\/mhw\/wp-content\/uploads\/2025\/02\/541641.png?resize=221%2C300&amp;ssl=1 221w, https:\/\/i0.wp.com\/mhw-autoparts.com\/mhw\/wp-content\/uploads\/2025\/02\/541641.png?resize=753%2C1024&amp;ssl=1 753w, https:\/\/i0.wp.com\/mhw-autoparts.com\/mhw\/wp-content\/uploads\/2025\/02\/541641.png?resize=768%2C1044&amp;ssl=1 768w, https:\/\/i0.wp.com\/mhw-autoparts.com\/mhw\/wp-content\/uploads\/2025\/02\/541641.png?resize=600%2C816&amp;ssl=1 600w\" sizes=\"(max-width: 753px) 100vw, 753px\" \/>\t\t\t\t\t\t\t\t\t\t\t\t\t\t\t<\/div>\n\t\t\t\t<\/div>\n\t\t\t\t<\/div>\n\t\t<div class=\"elementor-element elementor-element-17ec592 e-con-full e-flex e-con e-parent\" data-id=\"17ec592\" data-element_type=\"container\" data-e-type=\"container\">\n\t\t\t\t<div class=\"elementor-element elementor-element-6958a45 elementor-widget elementor-widget-heading\" data-id=\"6958a45\" data-element_type=\"widget\" data-e-type=\"widget\" data-widget_type=\"heading.default\">\n\t\t\t\t<div class=\"elementor-widget-container\">\n\t\t\t\t\t<h2 class=\"elementor-heading-title elementor-size-default\">Encuentra en MHW<\/h2>\t\t\t\t<\/div>\n\t\t\t\t<\/div>\n\t\t\t\t<div class=\"elementor-element elementor-element-ac0efba elementor-widget elementor-widget-text-editor\" data-id=\"ac0efba\" data-element_type=\"widget\" data-e-type=\"widget\" data-widget_type=\"text-editor.default\">\n\t\t\t\t<div class=\"elementor-widget-container\">\n\t\t\t\t\t\t\t\t\t<p>Todo en empacaduras con calidad OE.<\/p>\t\t\t\t\t\t\t\t<\/div>\n\t\t\t\t<\/div>\n\t\t\t\t<div class=\"elementor-element elementor-element-2beeb7d elementor-mobile-align-left elementor-widget elementor-widget-button\" data-id=\"2beeb7d\" data-element_type=\"widget\" data-e-type=\"widget\" data-widget_type=\"button.default\">\n\t\t\t\t<div class=\"elementor-widget-container\">\n\t\t\t\t\t\t\t\t\t<div class=\"elementor-button-wrapper\">\n\t\t\t\t\t<a class=\"elementor-button elementor-button-link elementor-size-xl\" href=\"https:\/\/api.whatsapp.com\/send?phone=584124005205&#038;text=%C2%A1Hola!,%20Me%20interesa%20las%20Mesetas%20MHW,%20%C2%BFpodr%C3%ADa%20suministrarme%20la%20lista%20de%20precios,%20por%20favor?\" target=\"_blank\">\n\t\t\t\t\t\t<span class=\"elementor-button-content-wrapper\">\n\t\t\t\t\t\t\t\t\t<span class=\"elementor-button-text\">SOLICITAR PRECIOS<\/span>\n\t\t\t\t\t<\/span>\n\t\t\t\t\t<\/a>\n\t\t\t\t<\/div>\n\t\t\t\t\t\t\t\t<\/div>\n\t\t\t\t<\/div>\n\t\t\t\t<\/div>\n\t\t\t\t\t<\/div>\n\t\t\t\t<\/div>\n\t\t\t\t<\/div>\n\t\t","protected":false},"excerpt":{"rendered":"<p>EMPACADURAS C\u00e1mara\/carter SOLICITAR PRECIOS MHW distribuye empacaduras de C\u00e1mara y Carter, estos son componentes esenciales en los motores de combusti\u00f3n interna,ya que ayudan a sellar las uniones entre diferentes partes [&hellip;]<\/p>\n","protected":false},"author":1,"featured_media":0,"parent":0,"menu_order":0,"comment_status":"closed","ping_status":"closed","template":"","meta":{"footnotes":""},"class_list":["post-7746","page","type-page","status-publish","hentry"],"jetpack_sharing_enabled":true,"_links":{"self":[{"href":"https:\/\/mhw-autoparts.com\/mhw\/wp-json\/wp\/v2\/pages\/7746","targetHints":{"allow":["GET"]}}],"collection":[{"href":"https:\/\/mhw-autoparts.com\/mhw\/wp-json\/wp\/v2\/pages"}],"about":[{"href":"https:\/\/mhw-autoparts.com\/mhw\/wp-json\/wp\/v2\/types\/page"}],"author":[{"embeddable":true,"href":"https:\/\/mhw-autoparts.com\/mhw\/wp-json\/wp\/v2\/users\/1"}],"replies":[{"embeddable":true,"href":"https:\/\/mhw-autoparts.com\/mhw\/wp-json\/wp\/v2\/comments?post=7746"}],"version-history":[{"count":4,"href":"https:\/\/mhw-autoparts.com\/mhw\/wp-json\/wp\/v2\/pages\/7746\/revisions"}],"predecessor-version":[{"id":7755,"href":"https:\/\/mhw-autoparts.com\/mhw\/wp-json\/wp\/v2\/pages\/7746\/revisions\/7755"}],"wp:attachment":[{"href":"https:\/\/mhw-autoparts.com\/mhw\/wp-json\/wp\/v2\/media?parent=7746"}],"curies":[{"name":"wp","href":"https:\/\/api.w.org\/{rel}","templated":true}]}}