{"id":7834,"date":"2025-03-14T14:41:08","date_gmt":"2025-03-14T14:41:08","guid":{"rendered":"https:\/\/mhw-autoparts.com\/mhw\/?page_id=7834"},"modified":"2025-03-14T14:55:29","modified_gmt":"2025-03-14T14:55:29","slug":"inyectores-de-combustibles","status":"publish","type":"page","link":"https:\/\/mhw-autoparts.com\/mhw\/inyectores-de-combustibles\/","title":{"rendered":"INYECTORES DE COMBUSTIBLES"},"content":{"rendered":"\t\t<div data-elementor-type=\"wp-page\" data-elementor-id=\"7834\" class=\"elementor elementor-7834\" data-elementor-post-type=\"page\">\n\t\t\t\t<div class=\"elementor-element elementor-element-c5625b3 e-flex e-con-boxed e-con e-parent\" data-id=\"c5625b3\" data-element_type=\"container\">\n\t\t\t\t\t<div class=\"e-con-inner\">\n\t\t<div class=\"elementor-element elementor-element-9aecefe e-con-full e-flex e-con e-parent\" data-id=\"9aecefe\" data-element_type=\"container\">\n\t\t\t\t<div class=\"elementor-element elementor-element-85d3ebb elementor-widget__width-initial elementor-widget elementor-widget-heading\" data-id=\"85d3ebb\" data-element_type=\"widget\" data-widget_type=\"heading.default\">\n\t\t\t\t<div class=\"elementor-widget-container\">\n\t\t\t\t\t<h2 class=\"elementor-heading-title elementor-size-default\">INYECTORES DE COMBUSTIBLES<\/h2>\t\t\t\t<\/div>\n\t\t\t\t<\/div>\n\t\t\t\t<div class=\"elementor-element elementor-element-5042269 elementor-widget elementor-widget-text-editor\" data-id=\"5042269\" data-element_type=\"widget\" data-widget_type=\"text-editor.default\">\n\t\t\t\t<div class=\"elementor-widget-container\">\n\t\t\t\t\t\t\t\t\t<p>EN MHW NOS ENFOCAMOS EN LA CALIDAD DE SUS DISCOS DE EMBRAGUE<\/p>\t\t\t\t\t\t\t\t<\/div>\n\t\t\t\t<\/div>\n\t\t\t\t<div class=\"elementor-element elementor-element-6c82837 elementor-widget elementor-widget-button\" data-id=\"6c82837\" data-element_type=\"widget\" data-widget_type=\"button.default\">\n\t\t\t\t<div class=\"elementor-widget-container\">\n\t\t\t\t\t\t\t\t\t<div class=\"elementor-button-wrapper\">\n\t\t\t\t\t<a class=\"elementor-button elementor-button-link elementor-size-xl\" href=\"\" target=\"_blank\" https=\"\">\n\t\t\t\t\t\t<span class=\"elementor-button-content-wrapper\">\n\t\t\t\t\t\t\t\t\t<span class=\"elementor-button-text\">SOLICITAR PRECIOS<\/span>\n\t\t\t\t\t<\/span>\n\t\t\t\t\t<\/a>\n\t\t\t\t<\/div>\n\t\t\t\t\t\t\t\t<\/div>\n\t\t\t\t<\/div>\n\t\t\t\t<\/div>\n\t\t<div class=\"elementor-element elementor-element-cfe007e e-con-full e-flex e-con e-parent\" data-id=\"cfe007e\" data-element_type=\"container\">\n\t\t\t\t<div class=\"elementor-element elementor-element-f26988a elementor-widget__width-initial elementor-widget elementor-widget-image\" data-id=\"f26988a\" data-element_type=\"widget\" data-widget_type=\"image.default\">\n\t\t\t\t<div class=\"elementor-widget-container\">\n\t\t\t\t\t\t\t\t\t\t\t\t\t\t\t<img fetchpriority=\"high\" decoding=\"async\" width=\"1024\" height=\"723\" src=\"https:\/\/i0.wp.com\/mhw-autoparts.com\/mhw\/wp-content\/uploads\/2025\/03\/656351665161.png?fit=1024%2C723&amp;ssl=1\" class=\"attachment-large size-large wp-image-7836\" alt=\"\" srcset=\"https:\/\/i0.wp.com\/mhw-autoparts.com\/mhw\/wp-content\/uploads\/2025\/03\/656351665161.png?w=1147&amp;ssl=1 1147w, https:\/\/i0.wp.com\/mhw-autoparts.com\/mhw\/wp-content\/uploads\/2025\/03\/656351665161.png?resize=300%2C212&amp;ssl=1 300w, https:\/\/i0.wp.com\/mhw-autoparts.com\/mhw\/wp-content\/uploads\/2025\/03\/656351665161.png?resize=1024%2C723&amp;ssl=1 1024w, https:\/\/i0.wp.com\/mhw-autoparts.com\/mhw\/wp-content\/uploads\/2025\/03\/656351665161.png?resize=768%2C542&amp;ssl=1 768w, https:\/\/i0.wp.com\/mhw-autoparts.com\/mhw\/wp-content\/uploads\/2025\/03\/656351665161.png?resize=600%2C424&amp;ssl=1 600w\" sizes=\"(max-width: 1024px) 100vw, 1024px\" \/>\t\t\t\t\t\t\t\t\t\t\t\t\t\t\t<\/div>\n\t\t\t\t<\/div>\n\t\t\t\t<\/div>\n\t\t\t\t\t<\/div>\n\t\t\t\t<\/div>\n\t\t<div class=\"elementor-element elementor-element-c8810cc e-con-full e-flex e-con e-parent\" data-id=\"c8810cc\" data-element_type=\"container\">\n\t\t\t\t<div class=\"elementor-element elementor-element-746e54e elementor-widget-divider--view-line_icon elementor-view-default elementor-widget-divider--element-align-center elementor-widget elementor-widget-divider\" data-id=\"746e54e\" data-element_type=\"widget\" data-widget_type=\"divider.default\">\n\t\t\t\t<div class=\"elementor-widget-container\">\n\t\t\t\t\t\t\t<div class=\"elementor-divider\">\n\t\t\t<span class=\"elementor-divider-separator\">\n\t\t\t\t\t\t\t<div class=\"elementor-icon elementor-divider__element\">\n\t\t\t\t\t<i aria-hidden=\"true\" class=\"fas fa-star\"><\/i><\/div>\n\t\t\t\t\t\t<\/span>\n\t\t<\/div>\n\t\t\t\t\t\t<\/div>\n\t\t\t\t<\/div>\n\t\t\t\t<\/div>\n\t\t<div class=\"elementor-element elementor-element-8f25d3e e-flex e-con-boxed e-con e-parent\" data-id=\"8f25d3e\" data-element_type=\"container\">\n\t\t\t\t\t<div class=\"e-con-inner\">\n\t\t\t\t<div class=\"elementor-element elementor-element-609ebee elementor-widget elementor-widget-text-editor\" data-id=\"609ebee\" data-element_type=\"widget\" data-widget_type=\"text-editor.default\">\n\t\t\t\t<div class=\"elementor-widget-container\">\n\t\t\t\t\t\t\t\t\t<p>Distribuimos inyectores de combustible para autom\u00f3viles con motor de gasolina a trav\u00e9s de la certificaci\u00f3n del sistema de calidad <br \/>IATF 16949, lo que refleja nuestro compromiso con la innovaci\u00f3n y la calidad del producto.<\/p>\t\t\t\t\t\t\t\t<\/div>\n\t\t\t\t<\/div>\n\t\t\t\t\t<\/div>\n\t\t\t\t<\/div>\n\t\t<div class=\"elementor-element elementor-element-09023f2 e-flex e-con-boxed e-con e-parent\" data-id=\"09023f2\" data-element_type=\"container\">\n\t\t\t\t\t<div class=\"e-con-inner\">\n\t\t\t\t<div class=\"elementor-element elementor-element-f661e49 elementor-widget__width-initial elementor-widget elementor-widget-image\" data-id=\"f661e49\" data-element_type=\"widget\" data-widget_type=\"image.default\">\n\t\t\t\t<div class=\"elementor-widget-container\">\n\t\t\t\t\t\t\t\t\t\t\t\t\t\t\t<img decoding=\"async\" width=\"1024\" height=\"723\" src=\"https:\/\/i0.wp.com\/mhw-autoparts.com\/mhw\/wp-content\/uploads\/2025\/03\/445146565.png?fit=1024%2C723&amp;ssl=1\" class=\"attachment-large size-large wp-image-7837\" alt=\"\" srcset=\"https:\/\/i0.wp.com\/mhw-autoparts.com\/mhw\/wp-content\/uploads\/2025\/03\/445146565.png?w=1147&amp;ssl=1 1147w, https:\/\/i0.wp.com\/mhw-autoparts.com\/mhw\/wp-content\/uploads\/2025\/03\/445146565.png?resize=300%2C212&amp;ssl=1 300w, https:\/\/i0.wp.com\/mhw-autoparts.com\/mhw\/wp-content\/uploads\/2025\/03\/445146565.png?resize=1024%2C723&amp;ssl=1 1024w, https:\/\/i0.wp.com\/mhw-autoparts.com\/mhw\/wp-content\/uploads\/2025\/03\/445146565.png?resize=768%2C542&amp;ssl=1 768w, https:\/\/i0.wp.com\/mhw-autoparts.com\/mhw\/wp-content\/uploads\/2025\/03\/445146565.png?resize=600%2C424&amp;ssl=1 600w\" sizes=\"(max-width: 1024px) 100vw, 1024px\" \/>\t\t\t\t\t\t\t\t\t\t\t\t\t\t\t<\/div>\n\t\t\t\t<\/div>\n\t\t\t\t\t<\/div>\n\t\t\t\t<\/div>\n\t\t<div class=\"elementor-element elementor-element-59adb25 e-flex e-con-boxed e-con e-parent\" data-id=\"59adb25\" data-element_type=\"container\">\n\t\t\t\t\t<div class=\"e-con-inner\">\n\t\t<div class=\"elementor-element elementor-element-ec5402a e-con-full e-flex e-con e-parent\" data-id=\"ec5402a\" data-element_type=\"container\">\n\t\t\t\t<div class=\"elementor-element elementor-element-77feaaf elementor-widget elementor-widget-image\" data-id=\"77feaaf\" data-element_type=\"widget\" data-widget_type=\"image.default\">\n\t\t\t\t<div class=\"elementor-widget-container\">\n\t\t\t\t\t\t\t\t\t\t\t\t\t\t\t<img decoding=\"async\" width=\"321\" height=\"810\" src=\"https:\/\/i0.wp.com\/mhw-autoparts.com\/mhw\/wp-content\/uploads\/2025\/03\/5416315615.png?fit=321%2C810&amp;ssl=1\" class=\"attachment-large size-large wp-image-7839\" alt=\"\" srcset=\"https:\/\/i0.wp.com\/mhw-autoparts.com\/mhw\/wp-content\/uploads\/2025\/03\/5416315615.png?w=321&amp;ssl=1 321w, https:\/\/i0.wp.com\/mhw-autoparts.com\/mhw\/wp-content\/uploads\/2025\/03\/5416315615.png?resize=119%2C300&amp;ssl=1 119w\" sizes=\"(max-width: 321px) 100vw, 321px\" \/>\t\t\t\t\t\t\t\t\t\t\t\t\t\t\t<\/div>\n\t\t\t\t<\/div>\n\t\t\t\t<\/div>\n\t\t<div class=\"elementor-element elementor-element-a9bd2c3 e-con-full e-flex e-con e-parent\" data-id=\"a9bd2c3\" data-element_type=\"container\">\n\t\t<div class=\"elementor-element elementor-element-c619850 e-flex e-con-boxed e-con e-parent\" data-id=\"c619850\" data-element_type=\"container\">\n\t\t\t\t\t<div class=\"e-con-inner\">\n\t\t<div class=\"elementor-element elementor-element-b4a6e1b e-con-full e-flex e-con e-parent\" data-id=\"b4a6e1b\" data-element_type=\"container\">\n\t\t<div class=\"elementor-element elementor-element-44ebfbc e-con-full e-flex e-con e-parent\" data-id=\"44ebfbc\" data-element_type=\"container\">\n\t\t\t\t<\/div>\n\t\t\t\t<div class=\"elementor-element elementor-element-ed41858 elementor-widget__width-initial elementor-widget elementor-widget-heading\" data-id=\"ed41858\" data-element_type=\"widget\" data-widget_type=\"heading.default\">\n\t\t\t\t<div class=\"elementor-widget-container\">\n\t\t\t\t\t<h2 class=\"elementor-heading-title elementor-size-default\">Control Preciso<\/h2>\t\t\t\t<\/div>\n\t\t\t\t<\/div>\n\t\t\t\t<div class=\"elementor-element elementor-element-a66f6cf elementor-widget elementor-widget-text-editor\" data-id=\"a66f6cf\" data-element_type=\"widget\" data-widget_type=\"text-editor.default\">\n\t\t\t\t<div class=\"elementor-widget-container\">\n\t\t\t\t\t\t\t\t\t<p>Garantizan que se inyecte la cantidad exacta<br \/>de combustible.<\/p>\t\t\t\t\t\t\t\t<\/div>\n\t\t\t\t<\/div>\n\t\t\t\t<\/div>\n\t\t\t\t\t<\/div>\n\t\t\t\t<\/div>\n\t\t<div class=\"elementor-element elementor-element-67fe561 e-flex e-con-boxed e-con e-parent\" data-id=\"67fe561\" data-element_type=\"container\">\n\t\t\t\t\t<div class=\"e-con-inner\">\n\t\t<div class=\"elementor-element elementor-element-c22efc4 e-con-full e-flex e-con e-parent\" data-id=\"c22efc4\" data-element_type=\"container\">\n\t\t\t\t<div class=\"elementor-element elementor-element-47f5098 elementor-widget__width-initial elementor-widget elementor-widget-heading\" data-id=\"47f5098\" data-element_type=\"widget\" data-widget_type=\"heading.default\">\n\t\t\t\t<div class=\"elementor-widget-container\">\n\t\t\t\t\t<h2 class=\"elementor-heading-title elementor-size-default\">Mejora la Combusti\u00f3n<\/h2>\t\t\t\t<\/div>\n\t\t\t\t<\/div>\n\t\t\t\t<div class=\"elementor-element elementor-element-d93bceb elementor-widget elementor-widget-text-editor\" data-id=\"d93bceb\" data-element_type=\"widget\" data-widget_type=\"text-editor.default\">\n\t\t\t\t<div class=\"elementor-widget-container\">\n\t\t\t\t\t\t\t\t\t<p>Aumentan\u00a0<span style=\"font-size: inherit; text-align: inherit; color: var( --e-global-color-text ); letter-spacing: -0.015em;\">la eficiencia del motor al optimizar\u00a0<\/span><span style=\"font-size: inherit; text-align: inherit; color: var( --e-global-color-text ); letter-spacing: -0.015em;\">la mezcla de combustible y aire.<\/span><\/p>\t\t\t\t\t\t\t\t<\/div>\n\t\t\t\t<\/div>\n\t\t\t\t<\/div>\n\t\t\t\t\t<\/div>\n\t\t\t\t<\/div>\n\t\t<div class=\"elementor-element elementor-element-e36d11a e-flex e-con-boxed e-con e-parent\" data-id=\"e36d11a\" data-element_type=\"container\">\n\t\t\t\t\t<div class=\"e-con-inner\">\n\t\t<div class=\"elementor-element elementor-element-809443c e-con-full e-flex e-con e-parent\" data-id=\"809443c\" data-element_type=\"container\">\n\t\t\t\t<div class=\"elementor-element elementor-element-6d329a5 elementor-widget__width-initial elementor-widget elementor-widget-heading\" data-id=\"6d329a5\" data-element_type=\"widget\" data-widget_type=\"heading.default\">\n\t\t\t\t<div class=\"elementor-widget-container\">\n\t\t\t\t\t<h2 class=\"elementor-heading-title elementor-size-default\">Reducci\u00f3n de Emisiones<\/h2>\t\t\t\t<\/div>\n\t\t\t\t<\/div>\n\t\t\t\t<div class=\"elementor-element elementor-element-6460c51 elementor-widget elementor-widget-text-editor\" data-id=\"6460c51\" data-element_type=\"widget\" data-widget_type=\"text-editor.default\">\n\t\t\t\t<div class=\"elementor-widget-container\">\n\t\t\t\t\t\t\t\t\t<p>Ayudan a\u00a0<span style=\"font-size: inherit; text-align: inherit; color: var( --e-global-color-text ); letter-spacing: -0.015em;\">minimizar las emisiones\u00a0<\/span><span style=\"font-size: inherit; text-align: inherit; color: var( --e-global-color-text ); letter-spacing: -0.015em;\">contaminantes.<\/span><\/p><div>\u00a0<\/div>\t\t\t\t\t\t\t\t<\/div>\n\t\t\t\t<\/div>\n\t\t\t\t<\/div>\n\t\t\t\t\t<\/div>\n\t\t\t\t<\/div>\n\t\t\t\t<\/div>\n\t\t\t\t\t<\/div>\n\t\t\t\t<\/div>\n\t\t<div class=\"elementor-element elementor-element-cdcc205 e-con-full e-flex e-con e-parent\" data-id=\"cdcc205\" data-element_type=\"container\" data-settings=\"{&quot;position&quot;:&quot;absolute&quot;,&quot;motion_fx_motion_fx_scrolling&quot;:&quot;yes&quot;,&quot;motion_fx_scale_effect&quot;:&quot;yes&quot;,&quot;motion_fx_scale_speed&quot;:{&quot;unit&quot;:&quot;px&quot;,&quot;size&quot;:-5,&quot;sizes&quot;:[]},&quot;motion_fx_scale_range&quot;:{&quot;unit&quot;:&quot;%&quot;,&quot;size&quot;:&quot;&quot;,&quot;sizes&quot;:{&quot;start&quot;:28,&quot;end&quot;:100}},&quot;motion_fx_scale_direction&quot;:&quot;out-in&quot;,&quot;motion_fx_devices&quot;:[&quot;desktop&quot;,&quot;tablet&quot;,&quot;mobile&quot;]}\">\n\t\t<div class=\"elementor-element elementor-element-eb91745 e-con-full e-flex e-con e-parent\" data-id=\"eb91745\" data-element_type=\"container\">\n\t\t\t\t<div class=\"elementor-element elementor-element-3de70a4 elementor-widget__width-initial elementor-widget elementor-widget-image\" data-id=\"3de70a4\" data-element_type=\"widget\" data-widget_type=\"image.default\">\n\t\t\t\t<div class=\"elementor-widget-container\">\n\t\t\t\t\t\t\t\t\t\t\t\t\t\t\t<img loading=\"lazy\" decoding=\"async\" width=\"725\" height=\"1024\" src=\"https:\/\/i0.wp.com\/mhw-autoparts.com\/mhw\/wp-content\/uploads\/2025\/03\/Mesa-de-trabajo-10-scaled.png?fit=725%2C1024&amp;ssl=1\" class=\"attachment-large size-large wp-image-7817\" alt=\"\" \/>\t\t\t\t\t\t\t\t\t\t\t\t\t\t\t<\/div>\n\t\t\t\t<\/div>\n\t\t\t\t<\/div>\n\t\t<div class=\"elementor-element elementor-element-e7f47d8 e-con-full e-flex e-con e-parent\" data-id=\"e7f47d8\" data-element_type=\"container\">\n\t\t\t\t<div class=\"elementor-element elementor-element-1c92a1d elementor-widget__width-initial elementor-widget elementor-widget-image\" data-id=\"1c92a1d\" data-element_type=\"widget\" data-widget_type=\"image.default\">\n\t\t\t\t<div class=\"elementor-widget-container\">\n\t\t\t\t\t\t\t\t\t\t\t\t\t\t\t<img loading=\"lazy\" decoding=\"async\" width=\"606\" height=\"1024\" src=\"https:\/\/i0.wp.com\/mhw-autoparts.com\/mhw\/wp-content\/uploads\/2025\/01\/Mesa-de-trabajo-9-scaled.png?fit=606%2C1024&amp;ssl=1\" class=\"attachment-large size-large wp-image-7419\" alt=\"\" \/>\t\t\t\t\t\t\t\t\t\t\t\t\t\t\t<\/div>\n\t\t\t\t<\/div>\n\t\t\t\t<\/div>\n\t\t\t\t<\/div>\n\t\t<div class=\"elementor-element elementor-element-2d3948d e-flex e-con-boxed e-con e-parent\" data-id=\"2d3948d\" data-element_type=\"container\" data-settings=\"{&quot;background_background&quot;:&quot;classic&quot;}\">\n\t\t\t\t\t<div class=\"e-con-inner\">\n\t\t<div class=\"elementor-element elementor-element-3e134c6 e-con-full e-flex e-con e-parent\" data-id=\"3e134c6\" data-element_type=\"container\">\n\t\t\t\t<div class=\"elementor-element elementor-element-ea71c3f elementor-widget__width-initial elementor-widget elementor-widget-image\" data-id=\"ea71c3f\" data-element_type=\"widget\" data-widget_type=\"image.default\">\n\t\t\t\t<div class=\"elementor-widget-container\">\n\t\t\t\t\t\t\t\t\t\t\t\t\t\t\t<img loading=\"lazy\" decoding=\"async\" width=\"1024\" height=\"760\" src=\"https:\/\/i0.wp.com\/mhw-autoparts.com\/mhw\/wp-content\/uploads\/2025\/03\/6586696.png?fit=1024%2C760&amp;ssl=1\" class=\"attachment-large size-large wp-image-7844\" alt=\"\" srcset=\"https:\/\/i0.wp.com\/mhw-autoparts.com\/mhw\/wp-content\/uploads\/2025\/03\/6586696.png?w=1091&amp;ssl=1 1091w, https:\/\/i0.wp.com\/mhw-autoparts.com\/mhw\/wp-content\/uploads\/2025\/03\/6586696.png?resize=300%2C223&amp;ssl=1 300w, https:\/\/i0.wp.com\/mhw-autoparts.com\/mhw\/wp-content\/uploads\/2025\/03\/6586696.png?resize=1024%2C760&amp;ssl=1 1024w, https:\/\/i0.wp.com\/mhw-autoparts.com\/mhw\/wp-content\/uploads\/2025\/03\/6586696.png?resize=768%2C570&amp;ssl=1 768w, https:\/\/i0.wp.com\/mhw-autoparts.com\/mhw\/wp-content\/uploads\/2025\/03\/6586696.png?resize=600%2C445&amp;ssl=1 600w\" sizes=\"(max-width: 1024px) 100vw, 1024px\" \/>\t\t\t\t\t\t\t\t\t\t\t\t\t\t\t<\/div>\n\t\t\t\t<\/div>\n\t\t\t\t<\/div>\n\t\t<div class=\"elementor-element elementor-element-01a2bfa e-con-full e-flex e-con e-parent\" data-id=\"01a2bfa\" data-element_type=\"container\">\n\t\t\t\t<div class=\"elementor-element elementor-element-a194e69 elementor-widget elementor-widget-heading\" data-id=\"a194e69\" data-element_type=\"widget\" data-widget_type=\"heading.default\">\n\t\t\t\t<div class=\"elementor-widget-container\">\n\t\t\t\t\t<h2 class=\"elementor-heading-title elementor-size-default\">Encuentra en MHW<\/h2>\t\t\t\t<\/div>\n\t\t\t\t<\/div>\n\t\t\t\t<div class=\"elementor-element elementor-element-494a23d elementor-widget elementor-widget-text-editor\" data-id=\"494a23d\" data-element_type=\"widget\" data-widget_type=\"text-editor.default\">\n\t\t\t\t<div class=\"elementor-widget-container\">\n\t\t\t\t\t\t\t\t\t<p>Inyectores con calidad OE.<\/p>\t\t\t\t\t\t\t\t<\/div>\n\t\t\t\t<\/div>\n\t\t\t\t<div class=\"elementor-element elementor-element-da9d3e6 elementor-mobile-align-left elementor-widget elementor-widget-button\" data-id=\"da9d3e6\" data-element_type=\"widget\" data-widget_type=\"button.default\">\n\t\t\t\t<div class=\"elementor-widget-container\">\n\t\t\t\t\t\t\t\t\t<div class=\"elementor-button-wrapper\">\n\t\t\t\t\t<a class=\"elementor-button elementor-button-link elementor-size-xl\" href=\"https:\/\/api.whatsapp.com\/send?phone=584124005205&#038;text=%C2%A1Hola!,%20Me%20interesa%20las%20Mesetas%20MHW,%20%C2%BFpodr%C3%ADa%20suministrarme%20la%20lista%20de%20precios,%20por%20favor?\" target=\"_blank\">\n\t\t\t\t\t\t<span class=\"elementor-button-content-wrapper\">\n\t\t\t\t\t\t\t\t\t<span class=\"elementor-button-text\">SOLICITAR PRECIOS<\/span>\n\t\t\t\t\t<\/span>\n\t\t\t\t\t<\/a>\n\t\t\t\t<\/div>\n\t\t\t\t\t\t\t\t<\/div>\n\t\t\t\t<\/div>\n\t\t\t\t<\/div>\n\t\t\t\t\t<\/div>\n\t\t\t\t<\/div>\n\t\t\t\t<\/div>\n\t\t","protected":false},"excerpt":{"rendered":"<p>INYECTORES DE COMBUSTIBLES EN MHW NOS ENFOCAMOS EN LA CALIDAD DE SUS DISCOS DE EMBRAGUE SOLICITAR PRECIOS Distribuimos inyectores de combustible para autom\u00f3viles con motor de gasolina a trav\u00e9s de [&hellip;]<\/p>\n","protected":false},"author":1,"featured_media":0,"parent":0,"menu_order":0,"comment_status":"closed","ping_status":"closed","template":"","meta":{"footnotes":""},"class_list":["post-7834","page","type-page","status-publish","hentry"],"jetpack_sharing_enabled":true,"_links":{"self":[{"href":"https:\/\/mhw-autoparts.com\/mhw\/wp-json\/wp\/v2\/pages\/7834","targetHints":{"allow":["GET"]}}],"collection":[{"href":"https:\/\/mhw-autoparts.com\/mhw\/wp-json\/wp\/v2\/pages"}],"about":[{"href":"https:\/\/mhw-autoparts.com\/mhw\/wp-json\/wp\/v2\/types\/page"}],"author":[{"embeddable":true,"href":"https:\/\/mhw-autoparts.com\/mhw\/wp-json\/wp\/v2\/users\/1"}],"replies":[{"embeddable":true,"href":"https:\/\/mhw-autoparts.com\/mhw\/wp-json\/wp\/v2\/comments?post=7834"}],"version-history":[{"count":7,"href":"https:\/\/mhw-autoparts.com\/mhw\/wp-json\/wp\/v2\/pages\/7834\/revisions"}],"predecessor-version":[{"id":7847,"href":"https:\/\/mhw-autoparts.com\/mhw\/wp-json\/wp\/v2\/pages\/7834\/revisions\/7847"}],"wp:attachment":[{"href":"https:\/\/mhw-autoparts.com\/mhw\/wp-json\/wp\/v2\/media?parent=7834"}],"curies":[{"name":"wp","href":"https:\/\/api.w.org\/{rel}","templated":true}]}}