{"id":96,"date":"2020-07-30T11:10:40","date_gmt":"2020-07-30T11:10:40","guid":{"rendered":"https:\/\/mhw-autoparts.com\/mhw\/wordpress\/?page_id=96"},"modified":"2026-03-05T05:06:32","modified_gmt":"2026-03-05T05:06:32","slug":"nosotros","status":"publish","type":"page","link":"https:\/\/mhw-autoparts.com\/mhw\/nosotros\/","title":{"rendered":"NOSOTROS"},"content":{"rendered":"\t\t<div data-elementor-type=\"wp-page\" data-elementor-id=\"96\" class=\"elementor elementor-96\" data-elementor-post-type=\"page\">\n\t\t\t\t\t\t<section class=\"elementor-section elementor-top-section elementor-element elementor-element-d32eb22 elementor-section-full_width elementor-section-height-min-height elementor-hidden-tablet elementor-hidden-phone elementor-section-height-default elementor-section-items-middle elementor-invisible\" data-id=\"d32eb22\" data-element_type=\"section\" data-e-type=\"section\" data-settings=\"{&quot;animation&quot;:&quot;fadeInDown&quot;}\">\n\t\t\t\t\t\t<div class=\"elementor-container elementor-column-gap-default\">\n\t\t\t\t\t<div class=\"elementor-column elementor-col-100 elementor-top-column elementor-element elementor-element-c91691a\" data-id=\"c91691a\" data-element_type=\"column\" data-e-type=\"column\">\n\t\t\t<div class=\"elementor-widget-wrap elementor-element-populated\">\n\t\t\t\t\t\t<div class=\"elementor-element elementor-element-e2038bf elementor-widget__width-inherit elementor--h-position-center elementor--v-position-middle elementor-arrows-position-inside elementor-pagination-position-inside elementor-widget elementor-widget-slides\" data-id=\"e2038bf\" data-element_type=\"widget\" data-e-type=\"widget\" data-settings=\"{&quot;autoplay_speed&quot;:4000,&quot;navigation&quot;:&quot;both&quot;,&quot;autoplay&quot;:&quot;yes&quot;,&quot;pause_on_hover&quot;:&quot;yes&quot;,&quot;pause_on_interaction&quot;:&quot;yes&quot;,&quot;infinite&quot;:&quot;yes&quot;,&quot;transition&quot;:&quot;slide&quot;,&quot;transition_speed&quot;:500}\" data-widget_type=\"slides.default\">\n\t\t\t\t<div class=\"elementor-widget-container\">\n\t\t\t\t\t\t\t\t\t<div class=\"elementor-swiper\">\n\t\t\t\t\t<div class=\"elementor-slides-wrapper elementor-main-swiper swiper\" role=\"region\" aria-roledescription=\"carousel\" aria-label=\"Slides\" dir=\"ltr\" data-animation=\"fadeInUp\">\n\t\t\t\t<div class=\"swiper-wrapper elementor-slides\">\n\t\t\t\t\t\t\t\t\t\t<div class=\"elementor-repeater-item-c853d0d swiper-slide\" role=\"group\" aria-roledescription=\"slide\"><div class=\"swiper-slide-bg\" role=\"img\" aria-label=\"banner nosotros\"><\/div><div class=\"swiper-slide-inner\" ><div class=\"swiper-slide-contents\"><\/div><\/div><\/div>\t\t\t\t<\/div>\n\t\t\t\t\t\t\t<\/div>\n\t\t\t\t<\/div>\n\t\t\t\t\t\t\t\t<\/div>\n\t\t\t\t<\/div>\n\t\t\t\t<div class=\"elementor-element elementor-element-21675c1 elementor-widget elementor-widget-spacer\" data-id=\"21675c1\" data-element_type=\"widget\" data-e-type=\"widget\" data-widget_type=\"spacer.default\">\n\t\t\t\t<div class=\"elementor-widget-container\">\n\t\t\t\t\t\t\t<div class=\"elementor-spacer\">\n\t\t\t<div class=\"elementor-spacer-inner\"><\/div>\n\t\t<\/div>\n\t\t\t\t\t\t<\/div>\n\t\t\t\t<\/div>\n\t\t\t\t\t<\/div>\n\t\t<\/div>\n\t\t\t\t\t<\/div>\n\t\t<\/section>\n\t\t\t\t<section class=\"elementor-section elementor-top-section elementor-element elementor-element-a405ebf elementor-hidden-tablet elementor-hidden-phone elementor-section-boxed elementor-section-height-default elementor-section-height-default\" data-id=\"a405ebf\" data-element_type=\"section\" data-e-type=\"section\" data-settings=\"{&quot;background_background&quot;:&quot;classic&quot;}\">\n\t\t\t\t\t\t\t<div class=\"elementor-background-overlay\"><\/div>\n\t\t\t\t\t\t\t<div class=\"elementor-container elementor-column-gap-default\">\n\t\t\t\t\t<div class=\"elementor-column elementor-col-100 elementor-top-column elementor-element elementor-element-384ef45\" data-id=\"384ef45\" data-element_type=\"column\" data-e-type=\"column\">\n\t\t\t<div class=\"elementor-widget-wrap elementor-element-populated\">\n\t\t\t\t\t\t<div class=\"elementor-element elementor-element-26913a2 elementor-widget-divider--view-line elementor-widget elementor-widget-divider\" data-id=\"26913a2\" data-element_type=\"widget\" data-e-type=\"widget\" data-widget_type=\"divider.default\">\n\t\t\t\t<div class=\"elementor-widget-container\">\n\t\t\t\t\t\t\t<div class=\"elementor-divider\">\n\t\t\t<span class=\"elementor-divider-separator\">\n\t\t\t\t\t\t<\/span>\n\t\t<\/div>\n\t\t\t\t\t\t<\/div>\n\t\t\t\t<\/div>\n\t\t\t\t<div class=\"elementor-element elementor-element-5c3898a elementor-widget elementor-widget-heading\" data-id=\"5c3898a\" data-element_type=\"widget\" data-e-type=\"widget\" data-widget_type=\"heading.default\">\n\t\t\t\t<div class=\"elementor-widget-container\">\n\t\t\t\t\t<h2 class=\"elementor-heading-title elementor-size-default\">nuestra<\/h2>\t\t\t\t<\/div>\n\t\t\t\t<\/div>\n\t\t\t\t<div class=\"elementor-element elementor-element-8506aee elementor-widget elementor-widget-heading\" data-id=\"8506aee\" data-element_type=\"widget\" data-e-type=\"widget\" data-widget_type=\"heading.default\">\n\t\t\t\t<div class=\"elementor-widget-container\">\n\t\t\t\t\t<h2 class=\"elementor-heading-title elementor-size-default\">EMPRESA<\/h2>\t\t\t\t<\/div>\n\t\t\t\t<\/div>\n\t\t\t\t<div class=\"elementor-element elementor-element-79e84af elementor-widget-divider--separator-type-pattern elementor-widget-divider--view-line elementor-widget elementor-widget-divider\" data-id=\"79e84af\" data-element_type=\"widget\" data-e-type=\"widget\" data-widget_type=\"divider.default\">\n\t\t\t\t<div class=\"elementor-widget-container\">\n\t\t\t\t\t\t\t<div class=\"elementor-divider\" style=\"--divider-pattern-url: url(&quot;data:image\/svg+xml,%3Csvg xmlns=&#039;http:\/\/www.w3.org\/2000\/svg&#039; preserveAspectRatio=&#039;none&#039; overflow=&#039;visible&#039; height=&#039;100%&#039; viewBox=&#039;0 0 24 24&#039; fill=&#039;none&#039; stroke=&#039;black&#039; stroke-width=&#039;1&#039; stroke-linecap=&#039;square&#039; stroke-miterlimit=&#039;10&#039;%3E%3Cpath d=&#039;M0,6c6,0,6,13,12,13S18,6,24,6&#039;\/%3E%3C\/svg%3E&quot;);\">\n\t\t\t<span class=\"elementor-divider-separator\">\n\t\t\t\t\t\t<\/span>\n\t\t<\/div>\n\t\t\t\t\t\t<\/div>\n\t\t\t\t<\/div>\n\t\t\t\t<div class=\"elementor-element elementor-element-4e3449e elementor-widget__width-initial elementor-widget elementor-widget-text-editor\" data-id=\"4e3449e\" data-element_type=\"widget\" data-e-type=\"widget\" data-widget_type=\"text-editor.default\">\n\t\t\t\t<div class=\"elementor-widget-container\">\n\t\t\t\t\t\t\t\t\t<p>MHW es una marca registrada en Venezuela que se dedica a ofrecer repuestos automotrices accesibles y funcionales. Sus productos se fabrican en diversas <span class=\"grammar correction\" title=\"Si es adjetivo o nombre, se escribe con tilde.\" data-type=\"grammar\" data-suggestions=\"[{&quot;value&quot;:&quot;f\u00e1bricas&quot;}]\" data-rule=\"DIACRITICS_VERB_N_ADJ\" data-word=\"fabricas\">f\u00e1bricas<\/span> de del gran continente <span class=\"misspelling correction\" title=\"Se ha encontrado un posible error ortogr\u00e1fico.\" data-type=\"misspelling\" data-suggestions=\"[{&quot;value&quot;:&quot;Asi\u00e1tico&quot;},{&quot;value&quot;:&quot;Asi\u00e1ticos&quot;},{&quot;value&quot;:&quot;Asi\u00e1tica&quot;},{&quot;value&quot;:&quot;Asm\u00e1tico&quot;},{&quot;value&quot;:&quot;Ast\u00e1tico&quot;}]\" data-rule=\"MORFOLOGIK_RULE_ES\" data-word=\"Asiatico\">Asi\u00e1tico<\/span> con materiales de calidad y procesos sencillos, buscando cumplir con las medidas b\u00e1sicas de los equipos originales <span class=\"error misspelling\" title=\"Se ha encontrado un posible error ortogr\u00e1fico.\" data-type=\"misspelling\" data-suggestions=\"[{&quot;value&quot;:&quot;OHM&quot;},{&quot;value&quot;:&quot;OGM&quot;},{&quot;value&quot;:&quot;SEM&quot;},{&quot;value&quot;:&quot;HEM&quot;},{&quot;value&quot;:&quot;OES&quot;}]\" data-rule=\"MORFOLOGIK_RULE_ES\" data-word=\"OEM\">OEM<\/span> (Original Equipment Manufacturer) en aspectos como resistencia y durabilidad para el uso diario.<\/p><p>Nuestra marca garantiza disponibilidad inmediata de repuestos bajo est\u00e1ndares internacionales como ISO 9001 e IATF 16949. A ello se suma una s\u00f3lida capacidad log\u00edstica, red de intermediarios comerciales a nivel nacional y un servicio de atenci\u00f3n enfocado en dar respuesta efectiva a las necesidades de los clientes.<\/p><p>De esta manera, MHW ofrece confianza, seguridad y respaldo, asegurando que cada cliente disfrute de una experiencia de conducci\u00f3n c\u00f3moda y segura.<\/p>\t\t\t\t\t\t\t\t<\/div>\n\t\t\t\t<\/div>\n\t\t\t\t<section class=\"elementor-section elementor-inner-section elementor-element elementor-element-fdd7afa elementor-section-full_width elementor-section-height-default elementor-section-height-default\" data-id=\"fdd7afa\" data-element_type=\"section\" data-e-type=\"section\">\n\t\t\t\t\t\t<div class=\"elementor-container elementor-column-gap-default\">\n\t\t\t\t\t<div class=\"elementor-column elementor-col-100 elementor-inner-column elementor-element elementor-element-5c2beb0\" data-id=\"5c2beb0\" data-element_type=\"column\" data-e-type=\"column\">\n\t\t\t<div class=\"elementor-widget-wrap elementor-element-populated\">\n\t\t\t\t\t\t<div class=\"elementor-element elementor-element-cc524cb elementor-widget__width-auto elementor-absolute elementor-widget elementor-widget-image\" data-id=\"cc524cb\" data-element_type=\"widget\" data-e-type=\"widget\" data-settings=\"{&quot;_position&quot;:&quot;absolute&quot;}\" data-widget_type=\"image.default\">\n\t\t\t\t<div class=\"elementor-widget-container\">\n\t\t\t\t\t\t\t\t\t\t\t\t\t\t\t<img decoding=\"async\" width=\"150\" height=\"150\" src=\"https:\/\/i0.wp.com\/mhw-autoparts.com\/mhw\/wp-content\/uploads\/2020\/11\/c3-2.png?fit=150%2C150&amp;ssl=1\" class=\"attachment-large size-large wp-image-2158\" alt=\"\" srcset=\"https:\/\/i0.wp.com\/mhw-autoparts.com\/mhw\/wp-content\/uploads\/2020\/11\/c3-2.png?w=150&amp;ssl=1 150w, https:\/\/i0.wp.com\/mhw-autoparts.com\/mhw\/wp-content\/uploads\/2020\/11\/c3-2.png?resize=144%2C144&amp;ssl=1 144w\" sizes=\"(max-width: 150px) 100vw, 150px\" \/>\t\t\t\t\t\t\t\t\t\t\t\t\t\t\t<\/div>\n\t\t\t\t<\/div>\n\t\t\t\t<div class=\"elementor-element elementor-element-b5176a3 elementor-widget__width-auto elementor-absolute elementor-widget elementor-widget-image\" data-id=\"b5176a3\" data-element_type=\"widget\" data-e-type=\"widget\" data-settings=\"{&quot;_position&quot;:&quot;absolute&quot;}\" data-widget_type=\"image.default\">\n\t\t\t\t<div class=\"elementor-widget-container\">\n\t\t\t\t\t\t\t\t\t\t\t\t\t\t\t<img decoding=\"async\" width=\"150\" height=\"150\" src=\"https:\/\/i0.wp.com\/mhw-autoparts.com\/mhw\/wp-content\/uploads\/2021\/05\/iso-.jpg?fit=150%2C150&amp;ssl=1\" class=\"attachment-large size-large wp-image-2987\" alt=\"\" srcset=\"https:\/\/i0.wp.com\/mhw-autoparts.com\/mhw\/wp-content\/uploads\/2021\/05\/iso-.jpg?w=150&amp;ssl=1 150w, https:\/\/i0.wp.com\/mhw-autoparts.com\/mhw\/wp-content\/uploads\/2021\/05\/iso-.jpg?resize=100%2C100&amp;ssl=1 100w\" sizes=\"(max-width: 150px) 100vw, 150px\" \/>\t\t\t\t\t\t\t\t\t\t\t\t\t\t\t<\/div>\n\t\t\t\t<\/div>\n\t\t\t\t\t<\/div>\n\t\t<\/div>\n\t\t\t\t\t<\/div>\n\t\t<\/section>\n\t\t\t\t\t<\/div>\n\t\t<\/div>\n\t\t\t\t\t<\/div>\n\t\t<\/section>\n\t\t\t\t<section class=\"elementor-section elementor-top-section elementor-element elementor-element-4306526 elementor-section-boxed elementor-section-height-default elementor-section-height-default\" data-id=\"4306526\" data-element_type=\"section\" data-e-type=\"section\">\n\t\t\t\t\t\t<div class=\"elementor-container elementor-column-gap-default\">\n\t\t\t\t\t<div class=\"elementor-column elementor-col-100 elementor-top-column elementor-element elementor-element-e3410ab\" data-id=\"e3410ab\" data-element_type=\"column\" data-e-type=\"column\">\n\t\t\t<div class=\"elementor-widget-wrap elementor-element-populated\">\n\t\t\t\t\t\t<div class=\"elementor-element elementor-element-2ef38f1 elementor-widget elementor-widget-spacer\" data-id=\"2ef38f1\" data-element_type=\"widget\" data-e-type=\"widget\" data-widget_type=\"spacer.default\">\n\t\t\t\t<div class=\"elementor-widget-container\">\n\t\t\t\t\t\t\t<div class=\"elementor-spacer\">\n\t\t\t<div class=\"elementor-spacer-inner\"><\/div>\n\t\t<\/div>\n\t\t\t\t\t\t<\/div>\n\t\t\t\t<\/div>\n\t\t\t\t\t<\/div>\n\t\t<\/div>\n\t\t\t\t\t<\/div>\n\t\t<\/section>\n\t\t\t\t<\/div>\n\t\t","protected":false},"excerpt":{"rendered":"<p>nuestra EMPRESA MHW es una marca registrada en Venezuela que se dedica a ofrecer repuestos automotrices accesibles y funcionales. Sus productos se fabrican en diversas f\u00e1bricas de del gran continente [&hellip;]<\/p>\n","protected":false},"author":1,"featured_media":0,"parent":0,"menu_order":0,"comment_status":"closed","ping_status":"closed","template":"elementor_header_footer","meta":{"footnotes":""},"class_list":["post-96","page","type-page","status-publish","hentry"],"jetpack_sharing_enabled":true,"_links":{"self":[{"href":"https:\/\/mhw-autoparts.com\/mhw\/wp-json\/wp\/v2\/pages\/96","targetHints":{"allow":["GET"]}}],"collection":[{"href":"https:\/\/mhw-autoparts.com\/mhw\/wp-json\/wp\/v2\/pages"}],"about":[{"href":"https:\/\/mhw-autoparts.com\/mhw\/wp-json\/wp\/v2\/types\/page"}],"author":[{"embeddable":true,"href":"https:\/\/mhw-autoparts.com\/mhw\/wp-json\/wp\/v2\/users\/1"}],"replies":[{"embeddable":true,"href":"https:\/\/mhw-autoparts.com\/mhw\/wp-json\/wp\/v2\/comments?post=96"}],"version-history":[{"count":21,"href":"https:\/\/mhw-autoparts.com\/mhw\/wp-json\/wp\/v2\/pages\/96\/revisions"}],"predecessor-version":[{"id":8239,"href":"https:\/\/mhw-autoparts.com\/mhw\/wp-json\/wp\/v2\/pages\/96\/revisions\/8239"}],"wp:attachment":[{"href":"https:\/\/mhw-autoparts.com\/mhw\/wp-json\/wp\/v2\/media?parent=96"}],"curies":[{"name":"wp","href":"https:\/\/api.w.org\/{rel}","templated":true}]}}